{"id":1944,"date":"2023-07-25T08:40:24","date_gmt":"2023-07-25T08:40:24","guid":{"rendered":"https:\/\/ebavet.es\/wp\/?post_type=product&#038;p=1944"},"modified":"2023-07-25T08:40:25","modified_gmt":"2023-07-25T08:40:25","slug":"cepillo-para-tapiceria-y-textiles","status":"publish","type":"product","link":"https:\/\/ebavet.es\/wp\/producto\/cepillo-para-tapiceria-y-textiles\/","title":{"rendered":"Cepillo para tapicer\u00eda y textiles"},"content":{"rendered":"<div class=\"content\" tabindex=\"0\" aria-hidden=\"true\">\n<div class=\"ac-container ac-adaptiveCard\">\n<div class=\"ac-textBlock\">\n<p>Cepillo quitapelos para tapicer\u00edas<\/p>\n<p>Con el \u00abCepillo para tapicer\u00eda y textiles\u00bb de Trixie se pueden eliminar f\u00e1cilmente los pelos de perros, gatos u otras mascotas de sillones, mantas, colchas&#8230;.<\/p>\n<p>Gracias a la forma especial de las cerdas, los pelos y las pelusas se cepillan juntos y se quedan en el cepillo. Despu\u00e9s se pueden quitar y desechar f\u00e1cilmente.<\/p>\n<p>El \u00abCepillo para tapicer\u00eda y textiles\u00bb de Trixie tiene una forma ergon\u00f3mica y se adapta a nuestra mano c\u00f3modamente.<\/p>\n<\/div>\n<div class=\"ac-horizontal-separator\" aria-hidden=\"true\"><\/div>\n<\/div>\n<\/div>\n<p><iframe title=\"Polster- und Textilb\u00fcrste zum Entfernen von Tierhaaren\" width=\"1080\" height=\"608\" data-src=\"https:\/\/www.youtube.com\/embed\/0e1MGhbhR9U?feature=oembed\" frameborder=\"0\" allow=\"accelerometer; autoplay; clipboard-write; encrypted-media; gyroscope; picture-in-picture; web-share\" allowfullscreen src=\"data:image\/svg+xml;base64,PHN2ZyB3aWR0aD0iMSIgaGVpZ2h0PSIxIiB4bWxucz0iaHR0cDovL3d3dy53My5vcmcvMjAwMC9zdmciPjwvc3ZnPg==\" class=\"lazyload\" data-load-mode=\"1\"><\/iframe><\/p>\n","protected":false},"excerpt":{"rendered":"<p>Cepillo para tapicer\u00eda y textiles para eliminar pelos de nuestros animales de forma sencilla.<\/p>\n<p><span style=\"font-weight: 400;\">Caracter\u00edsticas:\u00a0<\/span><\/p>\n<div class=\"mb-3 row\">\n<div class=\"col\">\n<div class=\"description\">\n<ul>\n<li>Ergon\u00f3mico<\/li>\n<li>Elimina pelos y pelusas de animales gracias a las cerdas de forma especial<\/li>\n<li>pl\u00e1stico\/caucho TPR<\/li>\n<li>Medidas: 7 \u00d7 10 cm<\/li>\n<\/ul>\n<\/div>\n<\/div>\n<\/div>\n","protected":false},"featured_media":1945,"template":"","meta":[],"product_brand":[],"product_cat":[53,202],"product_tag":[],"class_list":{"0":"post-1944","1":"product","2":"type-product","3":"status-publish","4":"has-post-thumbnail","6":"product_cat-hogar-e-higiene","7":"product_cat-limpieza-textil","9":"first","10":"instock","11":"shipping-taxable","12":"purchasable","13":"product-type-simple"},"yoast_head":"<!-- This site is optimized with the Yoast SEO plugin v27.1.1 - https:\/\/yoast.com\/product\/yoast-seo-wordpress\/ -->\n<title>Cepillo para tapicer\u00eda y textiles &#8226; Ebavet - Etolog\u00eda cl\u00ednica<\/title>\n<meta name=\"description\" content=\"Cepillo quitapelos para tapicer\u00edas | Todo lo que necesitas para el cuidado de tu animal de compa\u00f1\u00eda en nuestra tienda online | Env\u00edo a todas las Islas Canarias.\" \/>\n<meta name=\"robots\" content=\"noindex, follow, max-snippet:-1, max-image-preview:large, max-video-preview:-1\" \/>\n<meta property=\"og:locale\" content=\"es_ES\" \/>\n<meta property=\"og:type\" content=\"article\" \/>\n<meta property=\"og:title\" content=\"Cepillo para tapicer\u00eda y textiles &#8226; Ebavet - Etolog\u00eda cl\u00ednica\" \/>\n<meta property=\"og:description\" content=\"Cepillo quitapelos para tapicer\u00edas | Todo lo que necesitas para el cuidado de tu animal de compa\u00f1\u00eda en nuestra tienda online | Env\u00edo a todas las Islas Canarias.\" \/>\n<meta property=\"og:url\" content=\"https:\/\/ebavet.es\/wp\/producto\/cepillo-para-tapiceria-y-textiles\/\" \/>\n<meta property=\"og:site_name\" content=\"Ebavet - Etolog\u00eda cl\u00ednica\" \/>\n<meta property=\"article:publisher\" content=\"https:\/\/www.facebook.com\/Ebavet.CentrodeEtologia\/\" \/>\n<meta property=\"article:modified_time\" content=\"2023-07-25T08:40:25+00:00\" \/>\n<meta property=\"og:image\" content=\"https:\/\/ebavet.es\/wp\/wp-content\/uploads\/2023\/07\/Cepillo-Textil-1.jpg\" \/>\n\t<meta property=\"og:image:width\" content=\"400\" \/>\n\t<meta property=\"og:image:height\" content=\"400\" \/>\n\t<meta property=\"og:image:type\" content=\"image\/jpeg\" \/>\n<meta name=\"twitter:card\" content=\"summary_large_image\" \/>\n<meta name=\"twitter:site\" content=\"@ebavet\" \/>\n<meta name=\"twitter:label1\" content=\"Tiempo de lectura\" \/>\n\t<meta name=\"twitter:data1\" content=\"1 minuto\" \/>\n<script type=\"application\/ld+json\" class=\"yoast-schema-graph\">{\"@context\":\"https:\/\/schema.org\",\"@graph\":[{\"@type\":\"WebPage\",\"@id\":\"https:\/\/ebavet.es\/wp\/producto\/cepillo-para-tapiceria-y-textiles\/\",\"url\":\"https:\/\/ebavet.es\/wp\/producto\/cepillo-para-tapiceria-y-textiles\/\",\"name\":\"Cepillo para tapicer\u00eda y textiles &#8226; Ebavet - Etolog\u00eda cl\u00ednica\",\"isPartOf\":{\"@id\":\"https:\/\/ebavet.es\/wp\/#website\"},\"primaryImageOfPage\":{\"@id\":\"https:\/\/ebavet.es\/wp\/producto\/cepillo-para-tapiceria-y-textiles\/#primaryimage\"},\"image\":{\"@id\":\"https:\/\/ebavet.es\/wp\/producto\/cepillo-para-tapiceria-y-textiles\/#primaryimage\"},\"thumbnailUrl\":\"https:\/\/ebavet.es\/wp\/wp-content\/uploads\/2023\/07\/Cepillo-Textil-1.jpg\",\"datePublished\":\"2023-07-25T08:40:24+00:00\",\"dateModified\":\"2023-07-25T08:40:25+00:00\",\"description\":\"Cepillo quitapelos para tapicer\u00edas | Todo lo que necesitas para el cuidado de tu animal de compa\u00f1\u00eda en nuestra tienda online | Env\u00edo a todas las Islas Canarias.\",\"breadcrumb\":{\"@id\":\"https:\/\/ebavet.es\/wp\/producto\/cepillo-para-tapiceria-y-textiles\/#breadcrumb\"},\"inLanguage\":\"es\",\"potentialAction\":[{\"@type\":\"ReadAction\",\"target\":[\"https:\/\/ebavet.es\/wp\/producto\/cepillo-para-tapiceria-y-textiles\/\"]}]},{\"@type\":\"ImageObject\",\"inLanguage\":\"es\",\"@id\":\"https:\/\/ebavet.es\/wp\/producto\/cepillo-para-tapiceria-y-textiles\/#primaryimage\",\"url\":\"https:\/\/ebavet.es\/wp\/wp-content\/uploads\/2023\/07\/Cepillo-Textil-1.jpg\",\"contentUrl\":\"https:\/\/ebavet.es\/wp\/wp-content\/uploads\/2023\/07\/Cepillo-Textil-1.jpg\",\"width\":400,\"height\":400},{\"@type\":\"BreadcrumbList\",\"@id\":\"https:\/\/ebavet.es\/wp\/producto\/cepillo-para-tapiceria-y-textiles\/#breadcrumb\",\"itemListElement\":[{\"@type\":\"ListItem\",\"position\":1,\"name\":\"Portada\",\"item\":\"https:\/\/ebavet.es\/wp\/\"},{\"@type\":\"ListItem\",\"position\":2,\"name\":\"Tienda\",\"item\":\"https:\/\/ebavet.es\/wp\/tienda\/\"},{\"@type\":\"ListItem\",\"position\":3,\"name\":\"Cepillo para tapicer\u00eda y textiles\"}]},{\"@type\":\"WebSite\",\"@id\":\"https:\/\/ebavet.es\/wp\/#website\",\"url\":\"https:\/\/ebavet.es\/wp\/\",\"name\":\"Ebavet - Etolog\u00eda Cl\u00ednica\",\"description\":\"Centro Medicina del Comportamiento Animal\",\"publisher\":{\"@id\":\"https:\/\/ebavet.es\/wp\/#organization\"},\"alternateName\":\"Ebavet - Etolog\u00eda Cl\u00ednica\",\"potentialAction\":[{\"@type\":\"SearchAction\",\"target\":{\"@type\":\"EntryPoint\",\"urlTemplate\":\"https:\/\/ebavet.es\/wp\/?s={search_term_string}\"},\"query-input\":{\"@type\":\"PropertyValueSpecification\",\"valueRequired\":true,\"valueName\":\"search_term_string\"}}],\"inLanguage\":\"es\"},{\"@type\":\"Organization\",\"@id\":\"https:\/\/ebavet.es\/wp\/#organization\",\"name\":\"Ebavet\",\"url\":\"https:\/\/ebavet.es\/wp\/\",\"logo\":{\"@type\":\"ImageObject\",\"inLanguage\":\"es\",\"@id\":\"https:\/\/ebavet.es\/wp\/#\/schema\/logo\/image\/\",\"url\":\"https:\/\/ebavet.es\/wp\/wp-content\/uploads\/2023\/04\/destacada-ebavet.jpg\",\"contentUrl\":\"https:\/\/ebavet.es\/wp\/wp-content\/uploads\/2023\/04\/destacada-ebavet.jpg\",\"width\":500,\"height\":500,\"caption\":\"Ebavet\"},\"image\":{\"@id\":\"https:\/\/ebavet.es\/wp\/#\/schema\/logo\/image\/\"},\"sameAs\":[\"https:\/\/www.facebook.com\/Ebavet.CentrodeEtologia\/\",\"https:\/\/x.com\/ebavet\",\"https:\/\/www.linkedin.com\/in\/rosario-galtier-vallejo-66070663\/\",\"https:\/\/www.youtube.com\/channel\/UCaFYZDc7UqVio2OdeKuaHFQ\",\"https:\/\/www.instagram.com\/ebavet_tenerife\/\"]}]}<\/script>\n<!-- \/ Yoast SEO plugin. -->","yoast_head_json":{"title":"Cepillo para tapicer\u00eda y textiles &#8226; Ebavet - Etolog\u00eda cl\u00ednica","description":"Cepillo quitapelos para tapicer\u00edas | Todo lo que necesitas para el cuidado de tu animal de compa\u00f1\u00eda en nuestra tienda online | Env\u00edo a todas las Islas Canarias.","robots":{"index":"noindex","follow":"follow","max-snippet":"max-snippet:-1","max-image-preview":"max-image-preview:large","max-video-preview":"max-video-preview:-1"},"og_locale":"es_ES","og_type":"article","og_title":"Cepillo para tapicer\u00eda y textiles &#8226; Ebavet - Etolog\u00eda cl\u00ednica","og_description":"Cepillo quitapelos para tapicer\u00edas | Todo lo que necesitas para el cuidado de tu animal de compa\u00f1\u00eda en nuestra tienda online | Env\u00edo a todas las Islas Canarias.","og_url":"https:\/\/ebavet.es\/wp\/producto\/cepillo-para-tapiceria-y-textiles\/","og_site_name":"Ebavet - Etolog\u00eda cl\u00ednica","article_publisher":"https:\/\/www.facebook.com\/Ebavet.CentrodeEtologia\/","article_modified_time":"2023-07-25T08:40:25+00:00","og_image":[{"width":400,"height":400,"url":"https:\/\/ebavet.es\/wp\/wp-content\/uploads\/2023\/07\/Cepillo-Textil-1.jpg","type":"image\/jpeg"}],"twitter_card":"summary_large_image","twitter_site":"@ebavet","twitter_misc":{"Tiempo de lectura":"1 minuto"},"schema":{"@context":"https:\/\/schema.org","@graph":[{"@type":"WebPage","@id":"https:\/\/ebavet.es\/wp\/producto\/cepillo-para-tapiceria-y-textiles\/","url":"https:\/\/ebavet.es\/wp\/producto\/cepillo-para-tapiceria-y-textiles\/","name":"Cepillo para tapicer\u00eda y textiles &#8226; Ebavet - Etolog\u00eda cl\u00ednica","isPartOf":{"@id":"https:\/\/ebavet.es\/wp\/#website"},"primaryImageOfPage":{"@id":"https:\/\/ebavet.es\/wp\/producto\/cepillo-para-tapiceria-y-textiles\/#primaryimage"},"image":{"@id":"https:\/\/ebavet.es\/wp\/producto\/cepillo-para-tapiceria-y-textiles\/#primaryimage"},"thumbnailUrl":"https:\/\/ebavet.es\/wp\/wp-content\/uploads\/2023\/07\/Cepillo-Textil-1.jpg","datePublished":"2023-07-25T08:40:24+00:00","dateModified":"2023-07-25T08:40:25+00:00","description":"Cepillo quitapelos para tapicer\u00edas | Todo lo que necesitas para el cuidado de tu animal de compa\u00f1\u00eda en nuestra tienda online | Env\u00edo a todas las Islas Canarias.","breadcrumb":{"@id":"https:\/\/ebavet.es\/wp\/producto\/cepillo-para-tapiceria-y-textiles\/#breadcrumb"},"inLanguage":"es","potentialAction":[{"@type":"ReadAction","target":["https:\/\/ebavet.es\/wp\/producto\/cepillo-para-tapiceria-y-textiles\/"]}]},{"@type":"ImageObject","inLanguage":"es","@id":"https:\/\/ebavet.es\/wp\/producto\/cepillo-para-tapiceria-y-textiles\/#primaryimage","url":"https:\/\/ebavet.es\/wp\/wp-content\/uploads\/2023\/07\/Cepillo-Textil-1.jpg","contentUrl":"https:\/\/ebavet.es\/wp\/wp-content\/uploads\/2023\/07\/Cepillo-Textil-1.jpg","width":400,"height":400},{"@type":"BreadcrumbList","@id":"https:\/\/ebavet.es\/wp\/producto\/cepillo-para-tapiceria-y-textiles\/#breadcrumb","itemListElement":[{"@type":"ListItem","position":1,"name":"Portada","item":"https:\/\/ebavet.es\/wp\/"},{"@type":"ListItem","position":2,"name":"Tienda","item":"https:\/\/ebavet.es\/wp\/tienda\/"},{"@type":"ListItem","position":3,"name":"Cepillo para tapicer\u00eda y textiles"}]},{"@type":"WebSite","@id":"https:\/\/ebavet.es\/wp\/#website","url":"https:\/\/ebavet.es\/wp\/","name":"Ebavet - Etolog\u00eda Cl\u00ednica","description":"Centro Medicina del Comportamiento Animal","publisher":{"@id":"https:\/\/ebavet.es\/wp\/#organization"},"alternateName":"Ebavet - Etolog\u00eda Cl\u00ednica","potentialAction":[{"@type":"SearchAction","target":{"@type":"EntryPoint","urlTemplate":"https:\/\/ebavet.es\/wp\/?s={search_term_string}"},"query-input":{"@type":"PropertyValueSpecification","valueRequired":true,"valueName":"search_term_string"}}],"inLanguage":"es"},{"@type":"Organization","@id":"https:\/\/ebavet.es\/wp\/#organization","name":"Ebavet","url":"https:\/\/ebavet.es\/wp\/","logo":{"@type":"ImageObject","inLanguage":"es","@id":"https:\/\/ebavet.es\/wp\/#\/schema\/logo\/image\/","url":"https:\/\/ebavet.es\/wp\/wp-content\/uploads\/2023\/04\/destacada-ebavet.jpg","contentUrl":"https:\/\/ebavet.es\/wp\/wp-content\/uploads\/2023\/04\/destacada-ebavet.jpg","width":500,"height":500,"caption":"Ebavet"},"image":{"@id":"https:\/\/ebavet.es\/wp\/#\/schema\/logo\/image\/"},"sameAs":["https:\/\/www.facebook.com\/Ebavet.CentrodeEtologia\/","https:\/\/x.com\/ebavet","https:\/\/www.linkedin.com\/in\/rosario-galtier-vallejo-66070663\/","https:\/\/www.youtube.com\/channel\/UCaFYZDc7UqVio2OdeKuaHFQ","https:\/\/www.instagram.com\/ebavet_tenerife\/"]}]}},"_links":{"self":[{"href":"https:\/\/ebavet.es\/wp\/wp-json\/wp\/v2\/product\/1944","targetHints":{"allow":["GET"]}}],"collection":[{"href":"https:\/\/ebavet.es\/wp\/wp-json\/wp\/v2\/product"}],"about":[{"href":"https:\/\/ebavet.es\/wp\/wp-json\/wp\/v2\/types\/product"}],"wp:featuredmedia":[{"embeddable":true,"href":"https:\/\/ebavet.es\/wp\/wp-json\/wp\/v2\/media\/1945"}],"wp:attachment":[{"href":"https:\/\/ebavet.es\/wp\/wp-json\/wp\/v2\/media?parent=1944"}],"wp:term":[{"taxonomy":"product_brand","embeddable":true,"href":"https:\/\/ebavet.es\/wp\/wp-json\/wp\/v2\/product_brand?post=1944"},{"taxonomy":"product_cat","embeddable":true,"href":"https:\/\/ebavet.es\/wp\/wp-json\/wp\/v2\/product_cat?post=1944"},{"taxonomy":"product_tag","embeddable":true,"href":"https:\/\/ebavet.es\/wp\/wp-json\/wp\/v2\/product_tag?post=1944"}],"curies":[{"name":"wp","href":"https:\/\/api.w.org\/{rel}","templated":true}]}}