{"id":1785,"date":"2023-06-13T10:46:07","date_gmt":"2023-06-13T10:46:07","guid":{"rendered":"https:\/\/ebavet.es\/wp\/?post_type=product&#038;p=1785"},"modified":"2023-11-28T00:01:26","modified_gmt":"2023-11-28T00:01:26","slug":"faro-be-nordic","status":"publish","type":"product","link":"https:\/\/ebavet.es\/wp\/producto\/faro-be-nordic\/","title":{"rendered":"Faro Be Nordic"},"content":{"rendered":"<p><span style=\"font-weight: 400;\">Los juguetes mordedores son juguetes divertidos e interactivos para buscar y recoger.\u00a0<\/span><\/p>\n<p><span style=\"font-weight: 400;\">Entabla un buen v\u00ednculo con tu perro jugando con \u00e9l a tirar y perseguir su faro.<\/span><\/p>\n<p><span style=\"font-weight: 400;\">Caracter\u00edsticas:<\/span><\/p>\n<ul>\n<li style=\"font-weight: 400;\" aria-level=\"1\"><span style=\"font-weight: 400;\">Tejido: poli\u00e9ster<\/span><\/li>\n<li style=\"font-weight: 400;\" aria-level=\"1\">Con sonido<\/li>\n<li>Con soga para ag\u00e1rralo<\/li>\n<li style=\"font-weight: 400;\" aria-level=\"1\"><span style=\"font-weight: 400;\">Excelente para jugar en compa\u00f1\u00eda<\/span><\/li>\n<li style=\"font-weight: 400;\" aria-level=\"1\">Tama\u00f1o: 29 cm<\/li>\n<\/ul>\n<p>Marca: Trixie<\/p>\n","protected":false},"excerpt":{"rendered":"<p>Juguete mordedor de tela en forma de faro<\/p>\n<p><strong>Caracter\u00edsticas:<\/strong><\/p>\n<div class=\"description\">\n<ul>\n<li>De\u00a0tejido (poli\u00e9ster)<\/li>\n<li>Con sonido<\/li>\n<li>Con soga para ag\u00e1rralo<\/li>\n<li>Tama\u00f1o: 29 cm<\/li>\n<\/ul>\n<\/div>\n","protected":false},"featured_media":1786,"template":"","meta":[],"product_brand":[],"product_cat":[67,63],"product_tag":[],"class_list":{"0":"post-1785","1":"product","2":"type-product","3":"status-publish","4":"has-post-thumbnail","6":"product_cat-juguetes-mordedores","7":"product_cat-juguetes-perro","8":"pa_talla-xs","9":"pa_talla-s","10":"pa_talla-m","11":"pa_talla-l","12":"pa_talla-xl","14":"first","15":"instock","16":"shipping-taxable","17":"purchasable","18":"product-type-simple"},"yoast_head":"<!-- This site is optimized with the Yoast SEO plugin v27.1.1 - https:\/\/yoast.com\/product\/yoast-seo-wordpress\/ -->\n<title>Faro Be Nordic &#8226; Ebavet - Etolog\u00eda cl\u00ednica<\/title>\n<meta name=\"description\" content=\"Venta de juguetes mordedores para perros en Canarias | Todo lo que necesitas para la educaci\u00f3n de tus animales en nuestra tienda online.\" \/>\n<meta name=\"robots\" content=\"noindex, follow, max-snippet:-1, max-image-preview:large, max-video-preview:-1\" \/>\n<meta property=\"og:locale\" content=\"es_ES\" \/>\n<meta property=\"og:type\" content=\"article\" \/>\n<meta property=\"og:title\" content=\"Faro Be Nordic &#8226; Ebavet - Etolog\u00eda cl\u00ednica\" \/>\n<meta property=\"og:description\" content=\"Venta de juguetes mordedores para perros en Canarias | Todo lo que necesitas para la educaci\u00f3n de tus animales en nuestra tienda online.\" \/>\n<meta property=\"og:url\" content=\"https:\/\/ebavet.es\/wp\/producto\/faro-be-nordic\/\" \/>\n<meta property=\"og:site_name\" content=\"Ebavet - Etolog\u00eda cl\u00ednica\" \/>\n<meta property=\"article:publisher\" content=\"https:\/\/www.facebook.com\/Ebavet.CentrodeEtologia\/\" \/>\n<meta property=\"article:modified_time\" content=\"2023-11-28T00:01:26+00:00\" \/>\n<meta property=\"og:image\" content=\"https:\/\/ebavet.es\/wp\/wp-content\/uploads\/2023\/06\/faro-be-nordic.jpg\" \/>\n\t<meta property=\"og:image:width\" content=\"400\" \/>\n\t<meta property=\"og:image:height\" content=\"400\" \/>\n\t<meta property=\"og:image:type\" content=\"image\/jpeg\" \/>\n<meta name=\"twitter:card\" content=\"summary_large_image\" \/>\n<meta name=\"twitter:site\" content=\"@ebavet\" \/>\n<meta name=\"twitter:label1\" content=\"Tiempo de lectura\" \/>\n\t<meta name=\"twitter:data1\" content=\"1 minuto\" \/>\n<script type=\"application\/ld+json\" class=\"yoast-schema-graph\">{\"@context\":\"https:\/\/schema.org\",\"@graph\":[{\"@type\":\"WebPage\",\"@id\":\"https:\/\/ebavet.es\/wp\/producto\/faro-be-nordic\/\",\"url\":\"https:\/\/ebavet.es\/wp\/producto\/faro-be-nordic\/\",\"name\":\"Faro Be Nordic &#8226; Ebavet - Etolog\u00eda cl\u00ednica\",\"isPartOf\":{\"@id\":\"https:\/\/ebavet.es\/wp\/#website\"},\"primaryImageOfPage\":{\"@id\":\"https:\/\/ebavet.es\/wp\/producto\/faro-be-nordic\/#primaryimage\"},\"image\":{\"@id\":\"https:\/\/ebavet.es\/wp\/producto\/faro-be-nordic\/#primaryimage\"},\"thumbnailUrl\":\"https:\/\/ebavet.es\/wp\/wp-content\/uploads\/2023\/06\/faro-be-nordic.jpg\",\"datePublished\":\"2023-06-13T10:46:07+00:00\",\"dateModified\":\"2023-11-28T00:01:26+00:00\",\"description\":\"Venta de juguetes mordedores para perros en Canarias | Todo lo que necesitas para la educaci\u00f3n de tus animales en nuestra tienda online.\",\"breadcrumb\":{\"@id\":\"https:\/\/ebavet.es\/wp\/producto\/faro-be-nordic\/#breadcrumb\"},\"inLanguage\":\"es\",\"potentialAction\":[{\"@type\":\"ReadAction\",\"target\":[\"https:\/\/ebavet.es\/wp\/producto\/faro-be-nordic\/\"]}]},{\"@type\":\"ImageObject\",\"inLanguage\":\"es\",\"@id\":\"https:\/\/ebavet.es\/wp\/producto\/faro-be-nordic\/#primaryimage\",\"url\":\"https:\/\/ebavet.es\/wp\/wp-content\/uploads\/2023\/06\/faro-be-nordic.jpg\",\"contentUrl\":\"https:\/\/ebavet.es\/wp\/wp-content\/uploads\/2023\/06\/faro-be-nordic.jpg\",\"width\":400,\"height\":400,\"caption\":\"mordedor perro\"},{\"@type\":\"BreadcrumbList\",\"@id\":\"https:\/\/ebavet.es\/wp\/producto\/faro-be-nordic\/#breadcrumb\",\"itemListElement\":[{\"@type\":\"ListItem\",\"position\":1,\"name\":\"Portada\",\"item\":\"https:\/\/ebavet.es\/wp\/\"},{\"@type\":\"ListItem\",\"position\":2,\"name\":\"Tienda\",\"item\":\"https:\/\/ebavet.es\/wp\/tienda\/\"},{\"@type\":\"ListItem\",\"position\":3,\"name\":\"Faro Be Nordic\"}]},{\"@type\":\"WebSite\",\"@id\":\"https:\/\/ebavet.es\/wp\/#website\",\"url\":\"https:\/\/ebavet.es\/wp\/\",\"name\":\"Ebavet - Etolog\u00eda Cl\u00ednica\",\"description\":\"Centro Medicina del Comportamiento Animal\",\"publisher\":{\"@id\":\"https:\/\/ebavet.es\/wp\/#organization\"},\"alternateName\":\"Ebavet - Etolog\u00eda Cl\u00ednica\",\"potentialAction\":[{\"@type\":\"SearchAction\",\"target\":{\"@type\":\"EntryPoint\",\"urlTemplate\":\"https:\/\/ebavet.es\/wp\/?s={search_term_string}\"},\"query-input\":{\"@type\":\"PropertyValueSpecification\",\"valueRequired\":true,\"valueName\":\"search_term_string\"}}],\"inLanguage\":\"es\"},{\"@type\":\"Organization\",\"@id\":\"https:\/\/ebavet.es\/wp\/#organization\",\"name\":\"Ebavet\",\"url\":\"https:\/\/ebavet.es\/wp\/\",\"logo\":{\"@type\":\"ImageObject\",\"inLanguage\":\"es\",\"@id\":\"https:\/\/ebavet.es\/wp\/#\/schema\/logo\/image\/\",\"url\":\"https:\/\/ebavet.es\/wp\/wp-content\/uploads\/2023\/04\/destacada-ebavet.jpg\",\"contentUrl\":\"https:\/\/ebavet.es\/wp\/wp-content\/uploads\/2023\/04\/destacada-ebavet.jpg\",\"width\":500,\"height\":500,\"caption\":\"Ebavet\"},\"image\":{\"@id\":\"https:\/\/ebavet.es\/wp\/#\/schema\/logo\/image\/\"},\"sameAs\":[\"https:\/\/www.facebook.com\/Ebavet.CentrodeEtologia\/\",\"https:\/\/x.com\/ebavet\",\"https:\/\/www.linkedin.com\/in\/rosario-galtier-vallejo-66070663\/\",\"https:\/\/www.youtube.com\/channel\/UCaFYZDc7UqVio2OdeKuaHFQ\",\"https:\/\/www.instagram.com\/ebavet_tenerife\/\"]}]}<\/script>\n<!-- \/ Yoast SEO plugin. -->","yoast_head_json":{"title":"Faro Be Nordic &#8226; Ebavet - Etolog\u00eda cl\u00ednica","description":"Venta de juguetes mordedores para perros en Canarias | Todo lo que necesitas para la educaci\u00f3n de tus animales en nuestra tienda online.","robots":{"index":"noindex","follow":"follow","max-snippet":"max-snippet:-1","max-image-preview":"max-image-preview:large","max-video-preview":"max-video-preview:-1"},"og_locale":"es_ES","og_type":"article","og_title":"Faro Be Nordic &#8226; Ebavet - Etolog\u00eda cl\u00ednica","og_description":"Venta de juguetes mordedores para perros en Canarias | Todo lo que necesitas para la educaci\u00f3n de tus animales en nuestra tienda online.","og_url":"https:\/\/ebavet.es\/wp\/producto\/faro-be-nordic\/","og_site_name":"Ebavet - Etolog\u00eda cl\u00ednica","article_publisher":"https:\/\/www.facebook.com\/Ebavet.CentrodeEtologia\/","article_modified_time":"2023-11-28T00:01:26+00:00","og_image":[{"width":400,"height":400,"url":"https:\/\/ebavet.es\/wp\/wp-content\/uploads\/2023\/06\/faro-be-nordic.jpg","type":"image\/jpeg"}],"twitter_card":"summary_large_image","twitter_site":"@ebavet","twitter_misc":{"Tiempo de lectura":"1 minuto"},"schema":{"@context":"https:\/\/schema.org","@graph":[{"@type":"WebPage","@id":"https:\/\/ebavet.es\/wp\/producto\/faro-be-nordic\/","url":"https:\/\/ebavet.es\/wp\/producto\/faro-be-nordic\/","name":"Faro Be Nordic &#8226; Ebavet - Etolog\u00eda cl\u00ednica","isPartOf":{"@id":"https:\/\/ebavet.es\/wp\/#website"},"primaryImageOfPage":{"@id":"https:\/\/ebavet.es\/wp\/producto\/faro-be-nordic\/#primaryimage"},"image":{"@id":"https:\/\/ebavet.es\/wp\/producto\/faro-be-nordic\/#primaryimage"},"thumbnailUrl":"https:\/\/ebavet.es\/wp\/wp-content\/uploads\/2023\/06\/faro-be-nordic.jpg","datePublished":"2023-06-13T10:46:07+00:00","dateModified":"2023-11-28T00:01:26+00:00","description":"Venta de juguetes mordedores para perros en Canarias | Todo lo que necesitas para la educaci\u00f3n de tus animales en nuestra tienda online.","breadcrumb":{"@id":"https:\/\/ebavet.es\/wp\/producto\/faro-be-nordic\/#breadcrumb"},"inLanguage":"es","potentialAction":[{"@type":"ReadAction","target":["https:\/\/ebavet.es\/wp\/producto\/faro-be-nordic\/"]}]},{"@type":"ImageObject","inLanguage":"es","@id":"https:\/\/ebavet.es\/wp\/producto\/faro-be-nordic\/#primaryimage","url":"https:\/\/ebavet.es\/wp\/wp-content\/uploads\/2023\/06\/faro-be-nordic.jpg","contentUrl":"https:\/\/ebavet.es\/wp\/wp-content\/uploads\/2023\/06\/faro-be-nordic.jpg","width":400,"height":400,"caption":"mordedor perro"},{"@type":"BreadcrumbList","@id":"https:\/\/ebavet.es\/wp\/producto\/faro-be-nordic\/#breadcrumb","itemListElement":[{"@type":"ListItem","position":1,"name":"Portada","item":"https:\/\/ebavet.es\/wp\/"},{"@type":"ListItem","position":2,"name":"Tienda","item":"https:\/\/ebavet.es\/wp\/tienda\/"},{"@type":"ListItem","position":3,"name":"Faro Be Nordic"}]},{"@type":"WebSite","@id":"https:\/\/ebavet.es\/wp\/#website","url":"https:\/\/ebavet.es\/wp\/","name":"Ebavet - Etolog\u00eda Cl\u00ednica","description":"Centro Medicina del Comportamiento Animal","publisher":{"@id":"https:\/\/ebavet.es\/wp\/#organization"},"alternateName":"Ebavet - Etolog\u00eda Cl\u00ednica","potentialAction":[{"@type":"SearchAction","target":{"@type":"EntryPoint","urlTemplate":"https:\/\/ebavet.es\/wp\/?s={search_term_string}"},"query-input":{"@type":"PropertyValueSpecification","valueRequired":true,"valueName":"search_term_string"}}],"inLanguage":"es"},{"@type":"Organization","@id":"https:\/\/ebavet.es\/wp\/#organization","name":"Ebavet","url":"https:\/\/ebavet.es\/wp\/","logo":{"@type":"ImageObject","inLanguage":"es","@id":"https:\/\/ebavet.es\/wp\/#\/schema\/logo\/image\/","url":"https:\/\/ebavet.es\/wp\/wp-content\/uploads\/2023\/04\/destacada-ebavet.jpg","contentUrl":"https:\/\/ebavet.es\/wp\/wp-content\/uploads\/2023\/04\/destacada-ebavet.jpg","width":500,"height":500,"caption":"Ebavet"},"image":{"@id":"https:\/\/ebavet.es\/wp\/#\/schema\/logo\/image\/"},"sameAs":["https:\/\/www.facebook.com\/Ebavet.CentrodeEtologia\/","https:\/\/x.com\/ebavet","https:\/\/www.linkedin.com\/in\/rosario-galtier-vallejo-66070663\/","https:\/\/www.youtube.com\/channel\/UCaFYZDc7UqVio2OdeKuaHFQ","https:\/\/www.instagram.com\/ebavet_tenerife\/"]}]}},"_links":{"self":[{"href":"https:\/\/ebavet.es\/wp\/wp-json\/wp\/v2\/product\/1785","targetHints":{"allow":["GET"]}}],"collection":[{"href":"https:\/\/ebavet.es\/wp\/wp-json\/wp\/v2\/product"}],"about":[{"href":"https:\/\/ebavet.es\/wp\/wp-json\/wp\/v2\/types\/product"}],"wp:featuredmedia":[{"embeddable":true,"href":"https:\/\/ebavet.es\/wp\/wp-json\/wp\/v2\/media\/1786"}],"wp:attachment":[{"href":"https:\/\/ebavet.es\/wp\/wp-json\/wp\/v2\/media?parent=1785"}],"wp:term":[{"taxonomy":"product_brand","embeddable":true,"href":"https:\/\/ebavet.es\/wp\/wp-json\/wp\/v2\/product_brand?post=1785"},{"taxonomy":"product_cat","embeddable":true,"href":"https:\/\/ebavet.es\/wp\/wp-json\/wp\/v2\/product_cat?post=1785"},{"taxonomy":"product_tag","embeddable":true,"href":"https:\/\/ebavet.es\/wp\/wp-json\/wp\/v2\/product_tag?post=1785"}],"curies":[{"name":"wp","href":"https:\/\/api.w.org\/{rel}","templated":true}]}}