{"id":1653,"date":"2023-06-07T14:07:33","date_gmt":"2023-06-07T14:07:33","guid":{"rendered":"https:\/\/ebavet.es\/wp\/?post_type=product&#038;p=1653"},"modified":"2023-07-25T10:07:40","modified_gmt":"2023-07-25T10:07:40","slug":"pelota-licknsnack","status":"publish","type":"product","link":"https:\/\/ebavet.es\/wp\/producto\/pelota-licknsnack\/","title":{"rendered":"Pelota Lick&#8217;n&#8217;Snack"},"content":{"rendered":"<p>Pelota de lamido de la colecci\u00f3n Lick&#8217;n Snack de Trixie<\/p>\n<p>Estos art\u00edculos, conocido como juguetes de lamido, tienen diferentes zonas rugosas que pueden rellenarse con alimento h\u00famedo, para favorecer el lamido de nuestros perros y gatos, y son de gran ayuda para trabajar la desensibilizaci\u00f3n a situaciones como las manipulaciones para el ba\u00f1o, el cepillado, el corte de u\u00f1as, etc&#8230;<\/p>\n<p>Adem\u00e1s, la conducta de lamido ayuda a la relajaci\u00f3n de nuestros animales. Facilitar actividades de lamido aporta periodos de calma a nuestros perros y permite que est\u00e9n entretenidos durante un buen rato.<\/p>\n<p>&nbsp;<\/p>\n<p><iframe title=\"Pelota Lick&#039;n&#039;Snack #Trixie\" width=\"1080\" height=\"608\" data-src=\"https:\/\/www.youtube.com\/embed\/_q8wKDgI3a0?feature=oembed\" frameborder=\"0\" allow=\"accelerometer; autoplay; clipboard-write; encrypted-media; gyroscope; picture-in-picture; web-share\" allowfullscreen src=\"data:image\/svg+xml;base64,PHN2ZyB3aWR0aD0iMSIgaGVpZ2h0PSIxIiB4bWxucz0iaHR0cDovL3d3dy53My5vcmcvMjAwMC9zdmciPjwvc3ZnPg==\" class=\"lazyload\" data-load-mode=\"1\"><\/iframe><\/p>\n","protected":false},"excerpt":{"rendered":"<p>Pelota hueca con ventosa que se puede rellenar de premios y cremas, para favorecer el lamido de nuestros perros.<\/p>\n<p>Caracter\u00edsticas:<\/p>\n<ul>\n<li>Pelota de pl\u00e1stico y caucho TPR<\/li>\n<li>Con huecos laterales para rellenar de crema o comida h\u00fameda<\/li>\n<li>Hueca para poder rellenar con snacks grandes<\/li>\n<li>Con ventosa para poder colocarla en paredes lisas<\/li>\n<li>F\u00e1cil de montar (incluye instrucciones)<\/li>\n<li>Tama\u00f1o: \u00f8 8\/12 cm \u00d7 13 cm<\/li>\n<\/ul>\n","protected":false},"featured_media":1658,"template":"","meta":[],"product_brand":[],"product_cat":[66,63],"product_tag":[],"class_list":{"0":"post-1653","1":"product","2":"type-product","3":"status-publish","4":"has-post-thumbnail","6":"product_cat-alfombras-de-lamido","7":"product_cat-juguetes-perro","9":"first","10":"instock","11":"shipping-taxable","12":"purchasable","13":"product-type-simple"},"yoast_head":"<!-- This site is optimized with the Yoast SEO plugin v27.1.1 - https:\/\/yoast.com\/product\/yoast-seo-wordpress\/ -->\n<title>Pelota Lick&#039;n&#039;Snack &#8226; Ebavet - Etolog\u00eda cl\u00ednica<\/title>\n<meta name=\"description\" content=\"Pelota de lamido para perros | Todo lo que necesitas para velar por el bienestar de tu animal de compa\u00f1\u00eda en nuestra tienda online | Env\u00edo a todas las Islas Canarias.\" \/>\n<meta name=\"robots\" content=\"noindex, follow, max-snippet:-1, max-image-preview:large, max-video-preview:-1\" \/>\n<meta property=\"og:locale\" content=\"es_ES\" \/>\n<meta property=\"og:type\" content=\"article\" \/>\n<meta property=\"og:title\" content=\"Pelota Lick&#039;n&#039;Snack &#8226; Ebavet - Etolog\u00eda cl\u00ednica\" \/>\n<meta property=\"og:description\" content=\"Pelota de lamido para perros | Todo lo que necesitas para velar por el bienestar de tu animal de compa\u00f1\u00eda en nuestra tienda online | Env\u00edo a todas las Islas Canarias.\" \/>\n<meta property=\"og:url\" content=\"https:\/\/ebavet.es\/wp\/producto\/pelota-licknsnack\/\" \/>\n<meta property=\"og:site_name\" content=\"Ebavet - Etolog\u00eda cl\u00ednica\" \/>\n<meta property=\"article:publisher\" content=\"https:\/\/www.facebook.com\/Ebavet.CentrodeEtologia\/\" \/>\n<meta property=\"article:modified_time\" content=\"2023-07-25T10:07:40+00:00\" \/>\n<meta property=\"og:image\" content=\"https:\/\/ebavet.es\/wp\/wp-content\/uploads\/2023\/06\/pelota-lick-snack-lamido.jpg\" \/>\n\t<meta property=\"og:image:width\" content=\"1500\" \/>\n\t<meta property=\"og:image:height\" content=\"1500\" \/>\n\t<meta property=\"og:image:type\" content=\"image\/jpeg\" \/>\n<meta name=\"twitter:card\" content=\"summary_large_image\" \/>\n<meta name=\"twitter:site\" content=\"@ebavet\" \/>\n<meta name=\"twitter:label1\" content=\"Tiempo de lectura\" \/>\n\t<meta name=\"twitter:data1\" content=\"1 minuto\" \/>\n<script type=\"application\/ld+json\" class=\"yoast-schema-graph\">{\"@context\":\"https:\/\/schema.org\",\"@graph\":[{\"@type\":\"WebPage\",\"@id\":\"https:\/\/ebavet.es\/wp\/producto\/pelota-licknsnack\/\",\"url\":\"https:\/\/ebavet.es\/wp\/producto\/pelota-licknsnack\/\",\"name\":\"Pelota Lick'n'Snack &#8226; Ebavet - Etolog\u00eda cl\u00ednica\",\"isPartOf\":{\"@id\":\"https:\/\/ebavet.es\/wp\/#website\"},\"primaryImageOfPage\":{\"@id\":\"https:\/\/ebavet.es\/wp\/producto\/pelota-licknsnack\/#primaryimage\"},\"image\":{\"@id\":\"https:\/\/ebavet.es\/wp\/producto\/pelota-licknsnack\/#primaryimage\"},\"thumbnailUrl\":\"https:\/\/ebavet.es\/wp\/wp-content\/uploads\/2023\/06\/pelota-lick-snack-lamido.jpg\",\"datePublished\":\"2023-06-07T14:07:33+00:00\",\"dateModified\":\"2023-07-25T10:07:40+00:00\",\"description\":\"Pelota de lamido para perros | Todo lo que necesitas para velar por el bienestar de tu animal de compa\u00f1\u00eda en nuestra tienda online | Env\u00edo a todas las Islas Canarias.\",\"breadcrumb\":{\"@id\":\"https:\/\/ebavet.es\/wp\/producto\/pelota-licknsnack\/#breadcrumb\"},\"inLanguage\":\"es\",\"potentialAction\":[{\"@type\":\"ReadAction\",\"target\":[\"https:\/\/ebavet.es\/wp\/producto\/pelota-licknsnack\/\"]}]},{\"@type\":\"ImageObject\",\"inLanguage\":\"es\",\"@id\":\"https:\/\/ebavet.es\/wp\/producto\/pelota-licknsnack\/#primaryimage\",\"url\":\"https:\/\/ebavet.es\/wp\/wp-content\/uploads\/2023\/06\/pelota-lick-snack-lamido.jpg\",\"contentUrl\":\"https:\/\/ebavet.es\/wp\/wp-content\/uploads\/2023\/06\/pelota-lick-snack-lamido.jpg\",\"width\":1500,\"height\":1500,\"caption\":\"pelota de lamido perros\"},{\"@type\":\"BreadcrumbList\",\"@id\":\"https:\/\/ebavet.es\/wp\/producto\/pelota-licknsnack\/#breadcrumb\",\"itemListElement\":[{\"@type\":\"ListItem\",\"position\":1,\"name\":\"Portada\",\"item\":\"https:\/\/ebavet.es\/wp\/\"},{\"@type\":\"ListItem\",\"position\":2,\"name\":\"Tienda\",\"item\":\"https:\/\/ebavet.es\/wp\/tienda\/\"},{\"@type\":\"ListItem\",\"position\":3,\"name\":\"Pelota Lick&#8217;n&#8217;Snack\"}]},{\"@type\":\"WebSite\",\"@id\":\"https:\/\/ebavet.es\/wp\/#website\",\"url\":\"https:\/\/ebavet.es\/wp\/\",\"name\":\"Ebavet - Etolog\u00eda Cl\u00ednica\",\"description\":\"Centro Medicina del Comportamiento Animal\",\"publisher\":{\"@id\":\"https:\/\/ebavet.es\/wp\/#organization\"},\"alternateName\":\"Ebavet - Etolog\u00eda Cl\u00ednica\",\"potentialAction\":[{\"@type\":\"SearchAction\",\"target\":{\"@type\":\"EntryPoint\",\"urlTemplate\":\"https:\/\/ebavet.es\/wp\/?s={search_term_string}\"},\"query-input\":{\"@type\":\"PropertyValueSpecification\",\"valueRequired\":true,\"valueName\":\"search_term_string\"}}],\"inLanguage\":\"es\"},{\"@type\":\"Organization\",\"@id\":\"https:\/\/ebavet.es\/wp\/#organization\",\"name\":\"Ebavet\",\"url\":\"https:\/\/ebavet.es\/wp\/\",\"logo\":{\"@type\":\"ImageObject\",\"inLanguage\":\"es\",\"@id\":\"https:\/\/ebavet.es\/wp\/#\/schema\/logo\/image\/\",\"url\":\"https:\/\/ebavet.es\/wp\/wp-content\/uploads\/2023\/04\/destacada-ebavet.jpg\",\"contentUrl\":\"https:\/\/ebavet.es\/wp\/wp-content\/uploads\/2023\/04\/destacada-ebavet.jpg\",\"width\":500,\"height\":500,\"caption\":\"Ebavet\"},\"image\":{\"@id\":\"https:\/\/ebavet.es\/wp\/#\/schema\/logo\/image\/\"},\"sameAs\":[\"https:\/\/www.facebook.com\/Ebavet.CentrodeEtologia\/\",\"https:\/\/x.com\/ebavet\",\"https:\/\/www.linkedin.com\/in\/rosario-galtier-vallejo-66070663\/\",\"https:\/\/www.youtube.com\/channel\/UCaFYZDc7UqVio2OdeKuaHFQ\",\"https:\/\/www.instagram.com\/ebavet_tenerife\/\"]}]}<\/script>\n<!-- \/ Yoast SEO plugin. -->","yoast_head_json":{"title":"Pelota Lick'n'Snack &#8226; Ebavet - Etolog\u00eda cl\u00ednica","description":"Pelota de lamido para perros | Todo lo que necesitas para velar por el bienestar de tu animal de compa\u00f1\u00eda en nuestra tienda online | Env\u00edo a todas las Islas Canarias.","robots":{"index":"noindex","follow":"follow","max-snippet":"max-snippet:-1","max-image-preview":"max-image-preview:large","max-video-preview":"max-video-preview:-1"},"og_locale":"es_ES","og_type":"article","og_title":"Pelota Lick'n'Snack &#8226; Ebavet - Etolog\u00eda cl\u00ednica","og_description":"Pelota de lamido para perros | Todo lo que necesitas para velar por el bienestar de tu animal de compa\u00f1\u00eda en nuestra tienda online | Env\u00edo a todas las Islas Canarias.","og_url":"https:\/\/ebavet.es\/wp\/producto\/pelota-licknsnack\/","og_site_name":"Ebavet - Etolog\u00eda cl\u00ednica","article_publisher":"https:\/\/www.facebook.com\/Ebavet.CentrodeEtologia\/","article_modified_time":"2023-07-25T10:07:40+00:00","og_image":[{"width":1500,"height":1500,"url":"https:\/\/ebavet.es\/wp\/wp-content\/uploads\/2023\/06\/pelota-lick-snack-lamido.jpg","type":"image\/jpeg"}],"twitter_card":"summary_large_image","twitter_site":"@ebavet","twitter_misc":{"Tiempo de lectura":"1 minuto"},"schema":{"@context":"https:\/\/schema.org","@graph":[{"@type":"WebPage","@id":"https:\/\/ebavet.es\/wp\/producto\/pelota-licknsnack\/","url":"https:\/\/ebavet.es\/wp\/producto\/pelota-licknsnack\/","name":"Pelota Lick'n'Snack &#8226; Ebavet - Etolog\u00eda cl\u00ednica","isPartOf":{"@id":"https:\/\/ebavet.es\/wp\/#website"},"primaryImageOfPage":{"@id":"https:\/\/ebavet.es\/wp\/producto\/pelota-licknsnack\/#primaryimage"},"image":{"@id":"https:\/\/ebavet.es\/wp\/producto\/pelota-licknsnack\/#primaryimage"},"thumbnailUrl":"https:\/\/ebavet.es\/wp\/wp-content\/uploads\/2023\/06\/pelota-lick-snack-lamido.jpg","datePublished":"2023-06-07T14:07:33+00:00","dateModified":"2023-07-25T10:07:40+00:00","description":"Pelota de lamido para perros | Todo lo que necesitas para velar por el bienestar de tu animal de compa\u00f1\u00eda en nuestra tienda online | Env\u00edo a todas las Islas Canarias.","breadcrumb":{"@id":"https:\/\/ebavet.es\/wp\/producto\/pelota-licknsnack\/#breadcrumb"},"inLanguage":"es","potentialAction":[{"@type":"ReadAction","target":["https:\/\/ebavet.es\/wp\/producto\/pelota-licknsnack\/"]}]},{"@type":"ImageObject","inLanguage":"es","@id":"https:\/\/ebavet.es\/wp\/producto\/pelota-licknsnack\/#primaryimage","url":"https:\/\/ebavet.es\/wp\/wp-content\/uploads\/2023\/06\/pelota-lick-snack-lamido.jpg","contentUrl":"https:\/\/ebavet.es\/wp\/wp-content\/uploads\/2023\/06\/pelota-lick-snack-lamido.jpg","width":1500,"height":1500,"caption":"pelota de lamido perros"},{"@type":"BreadcrumbList","@id":"https:\/\/ebavet.es\/wp\/producto\/pelota-licknsnack\/#breadcrumb","itemListElement":[{"@type":"ListItem","position":1,"name":"Portada","item":"https:\/\/ebavet.es\/wp\/"},{"@type":"ListItem","position":2,"name":"Tienda","item":"https:\/\/ebavet.es\/wp\/tienda\/"},{"@type":"ListItem","position":3,"name":"Pelota Lick&#8217;n&#8217;Snack"}]},{"@type":"WebSite","@id":"https:\/\/ebavet.es\/wp\/#website","url":"https:\/\/ebavet.es\/wp\/","name":"Ebavet - Etolog\u00eda Cl\u00ednica","description":"Centro Medicina del Comportamiento Animal","publisher":{"@id":"https:\/\/ebavet.es\/wp\/#organization"},"alternateName":"Ebavet - Etolog\u00eda Cl\u00ednica","potentialAction":[{"@type":"SearchAction","target":{"@type":"EntryPoint","urlTemplate":"https:\/\/ebavet.es\/wp\/?s={search_term_string}"},"query-input":{"@type":"PropertyValueSpecification","valueRequired":true,"valueName":"search_term_string"}}],"inLanguage":"es"},{"@type":"Organization","@id":"https:\/\/ebavet.es\/wp\/#organization","name":"Ebavet","url":"https:\/\/ebavet.es\/wp\/","logo":{"@type":"ImageObject","inLanguage":"es","@id":"https:\/\/ebavet.es\/wp\/#\/schema\/logo\/image\/","url":"https:\/\/ebavet.es\/wp\/wp-content\/uploads\/2023\/04\/destacada-ebavet.jpg","contentUrl":"https:\/\/ebavet.es\/wp\/wp-content\/uploads\/2023\/04\/destacada-ebavet.jpg","width":500,"height":500,"caption":"Ebavet"},"image":{"@id":"https:\/\/ebavet.es\/wp\/#\/schema\/logo\/image\/"},"sameAs":["https:\/\/www.facebook.com\/Ebavet.CentrodeEtologia\/","https:\/\/x.com\/ebavet","https:\/\/www.linkedin.com\/in\/rosario-galtier-vallejo-66070663\/","https:\/\/www.youtube.com\/channel\/UCaFYZDc7UqVio2OdeKuaHFQ","https:\/\/www.instagram.com\/ebavet_tenerife\/"]}]}},"_links":{"self":[{"href":"https:\/\/ebavet.es\/wp\/wp-json\/wp\/v2\/product\/1653","targetHints":{"allow":["GET"]}}],"collection":[{"href":"https:\/\/ebavet.es\/wp\/wp-json\/wp\/v2\/product"}],"about":[{"href":"https:\/\/ebavet.es\/wp\/wp-json\/wp\/v2\/types\/product"}],"wp:featuredmedia":[{"embeddable":true,"href":"https:\/\/ebavet.es\/wp\/wp-json\/wp\/v2\/media\/1658"}],"wp:attachment":[{"href":"https:\/\/ebavet.es\/wp\/wp-json\/wp\/v2\/media?parent=1653"}],"wp:term":[{"taxonomy":"product_brand","embeddable":true,"href":"https:\/\/ebavet.es\/wp\/wp-json\/wp\/v2\/product_brand?post=1653"},{"taxonomy":"product_cat","embeddable":true,"href":"https:\/\/ebavet.es\/wp\/wp-json\/wp\/v2\/product_cat?post=1653"},{"taxonomy":"product_tag","embeddable":true,"href":"https:\/\/ebavet.es\/wp\/wp-json\/wp\/v2\/product_tag?post=1653"}],"curies":[{"name":"wp","href":"https:\/\/api.w.org\/{rel}","templated":true}]}}