{"id":1210,"date":"2023-05-08T11:39:17","date_gmt":"2023-05-08T11:39:17","guid":{"rendered":"https:\/\/ebavet.es\/wp\/?post_type=product&#038;p=1210"},"modified":"2023-12-07T10:22:30","modified_gmt":"2023-12-07T10:22:30","slug":"xtreme-catnip","status":"publish","type":"product","link":"https:\/\/ebavet.es\/wp\/producto\/xtreme-catnip\/","title":{"rendered":"Xtreme Catnip"},"content":{"rendered":"","protected":false},"excerpt":{"rendered":"<p><i>Nepeta cataria<\/i> en hierba y spray.<\/p>\n<p>El catnip incita al juego y ayuda a incrementar la actividad f\u00edsica de nuestros gatos. La aplicaci\u00f3n de Xtreme Catnip sobre juguetes y rascadores favorece su uso.\u00a0El formato en hierba puede guardarse en el congelador para ayudar a prolongar su frescura.<\/p>\n<p>Caracter\u00edsticas:<\/p>\n<ul>\n<li aria-level=\"1\">100% Natural<\/li>\n<li aria-level=\"1\">Nepeta cataria con alta concentraci\u00f3n de aceites arom\u00e1ticos que favorecen la estimulaci\u00f3n de los gatos.<\/li>\n<li aria-level=\"1\">Disponible en hierba y en spray<\/li>\n<li aria-level=\"1\">Aplicar sobre juguetes o rascadores<\/li>\n<li aria-level=\"1\">No aplicar sobre animales<\/li>\n<\/ul>\n<p><strong>MARCA:<\/strong> <span style=\"font-weight: 400;\">Vetnova<\/span><\/p>\n","protected":false},"featured_media":1213,"template":"","meta":[],"product_brand":[],"product_cat":[80,84],"product_tag":[],"class_list":{"0":"post-1210","1":"product","2":"type-product","3":"status-publish","4":"has-post-thumbnail","6":"product_cat-enriquecimiento-ambiental-felino","7":"product_cat-hierba-gatera","9":"first","10":"instock","11":"shipping-taxable","12":"purchasable","13":"product-type-variable"},"yoast_head":"<!-- This site is optimized with the Yoast SEO plugin v27.1.1 - https:\/\/yoast.com\/product\/yoast-seo-wordpress\/ -->\n<title>Xtreme Catnip &#8226; Ebavet - Etolog\u00eda cl\u00ednica<\/title>\n<meta name=\"description\" content=\"Xtreme Catnip. El Catnip m\u00e1s potente | Todo lo que necesitas para la educaci\u00f3n de tus animales en nuestra tienda online para las Islas Canarias.\" \/>\n<meta name=\"robots\" content=\"noindex, follow, max-snippet:-1, max-image-preview:large, max-video-preview:-1\" \/>\n<meta property=\"og:locale\" content=\"es_ES\" \/>\n<meta property=\"og:type\" content=\"article\" \/>\n<meta property=\"og:title\" content=\"Xtreme Catnip &#8226; Ebavet - Etolog\u00eda cl\u00ednica\" \/>\n<meta property=\"og:description\" content=\"Xtreme Catnip. El Catnip m\u00e1s potente | Todo lo que necesitas para la educaci\u00f3n de tus animales en nuestra tienda online para las Islas Canarias.\" \/>\n<meta property=\"og:url\" content=\"https:\/\/ebavet.es\/wp\/producto\/xtreme-catnip\/\" \/>\n<meta property=\"og:site_name\" content=\"Ebavet - Etolog\u00eda cl\u00ednica\" \/>\n<meta property=\"article:publisher\" content=\"https:\/\/www.facebook.com\/Ebavet.CentrodeEtologia\/\" \/>\n<meta property=\"article:modified_time\" content=\"2023-12-07T10:22:30+00:00\" \/>\n<meta property=\"og:image\" content=\"https:\/\/ebavet.es\/wp\/wp-content\/uploads\/2023\/05\/Xtreme-catnip-Pack-1.jpg\" \/>\n\t<meta property=\"og:image:width\" content=\"690\" \/>\n\t<meta property=\"og:image:height\" content=\"690\" \/>\n\t<meta property=\"og:image:type\" content=\"image\/jpeg\" \/>\n<meta name=\"twitter:card\" content=\"summary_large_image\" \/>\n<meta name=\"twitter:site\" content=\"@ebavet\" \/>\n<script type=\"application\/ld+json\" class=\"yoast-schema-graph\">{\"@context\":\"https:\/\/schema.org\",\"@graph\":[{\"@type\":\"WebPage\",\"@id\":\"https:\/\/ebavet.es\/wp\/producto\/xtreme-catnip\/\",\"url\":\"https:\/\/ebavet.es\/wp\/producto\/xtreme-catnip\/\",\"name\":\"Xtreme Catnip &#8226; Ebavet - Etolog\u00eda cl\u00ednica\",\"isPartOf\":{\"@id\":\"https:\/\/ebavet.es\/wp\/#website\"},\"primaryImageOfPage\":{\"@id\":\"https:\/\/ebavet.es\/wp\/producto\/xtreme-catnip\/#primaryimage\"},\"image\":{\"@id\":\"https:\/\/ebavet.es\/wp\/producto\/xtreme-catnip\/#primaryimage\"},\"thumbnailUrl\":\"https:\/\/ebavet.es\/wp\/wp-content\/uploads\/2023\/05\/Xtreme-catnip-Pack-1.jpg\",\"datePublished\":\"2023-05-08T11:39:17+00:00\",\"dateModified\":\"2023-12-07T10:22:30+00:00\",\"description\":\"Xtreme Catnip. El Catnip m\u00e1s potente | Todo lo que necesitas para la educaci\u00f3n de tus animales en nuestra tienda online para las Islas Canarias.\",\"breadcrumb\":{\"@id\":\"https:\/\/ebavet.es\/wp\/producto\/xtreme-catnip\/#breadcrumb\"},\"inLanguage\":\"es\",\"potentialAction\":[{\"@type\":\"ReadAction\",\"target\":[\"https:\/\/ebavet.es\/wp\/producto\/xtreme-catnip\/\"]}]},{\"@type\":\"ImageObject\",\"inLanguage\":\"es\",\"@id\":\"https:\/\/ebavet.es\/wp\/producto\/xtreme-catnip\/#primaryimage\",\"url\":\"https:\/\/ebavet.es\/wp\/wp-content\/uploads\/2023\/05\/Xtreme-catnip-Pack-1.jpg\",\"contentUrl\":\"https:\/\/ebavet.es\/wp\/wp-content\/uploads\/2023\/05\/Xtreme-catnip-Pack-1.jpg\",\"width\":690,\"height\":690},{\"@type\":\"BreadcrumbList\",\"@id\":\"https:\/\/ebavet.es\/wp\/producto\/xtreme-catnip\/#breadcrumb\",\"itemListElement\":[{\"@type\":\"ListItem\",\"position\":1,\"name\":\"Portada\",\"item\":\"https:\/\/ebavet.es\/wp\/\"},{\"@type\":\"ListItem\",\"position\":2,\"name\":\"Tienda\",\"item\":\"https:\/\/ebavet.es\/wp\/tienda\/\"},{\"@type\":\"ListItem\",\"position\":3,\"name\":\"Xtreme Catnip\"}]},{\"@type\":\"WebSite\",\"@id\":\"https:\/\/ebavet.es\/wp\/#website\",\"url\":\"https:\/\/ebavet.es\/wp\/\",\"name\":\"Ebavet - Etolog\u00eda Cl\u00ednica\",\"description\":\"Centro Medicina del Comportamiento Animal\",\"publisher\":{\"@id\":\"https:\/\/ebavet.es\/wp\/#organization\"},\"alternateName\":\"Ebavet - Etolog\u00eda Cl\u00ednica\",\"potentialAction\":[{\"@type\":\"SearchAction\",\"target\":{\"@type\":\"EntryPoint\",\"urlTemplate\":\"https:\/\/ebavet.es\/wp\/?s={search_term_string}\"},\"query-input\":{\"@type\":\"PropertyValueSpecification\",\"valueRequired\":true,\"valueName\":\"search_term_string\"}}],\"inLanguage\":\"es\"},{\"@type\":\"Organization\",\"@id\":\"https:\/\/ebavet.es\/wp\/#organization\",\"name\":\"Ebavet\",\"url\":\"https:\/\/ebavet.es\/wp\/\",\"logo\":{\"@type\":\"ImageObject\",\"inLanguage\":\"es\",\"@id\":\"https:\/\/ebavet.es\/wp\/#\/schema\/logo\/image\/\",\"url\":\"https:\/\/ebavet.es\/wp\/wp-content\/uploads\/2023\/04\/destacada-ebavet.jpg\",\"contentUrl\":\"https:\/\/ebavet.es\/wp\/wp-content\/uploads\/2023\/04\/destacada-ebavet.jpg\",\"width\":500,\"height\":500,\"caption\":\"Ebavet\"},\"image\":{\"@id\":\"https:\/\/ebavet.es\/wp\/#\/schema\/logo\/image\/\"},\"sameAs\":[\"https:\/\/www.facebook.com\/Ebavet.CentrodeEtologia\/\",\"https:\/\/x.com\/ebavet\",\"https:\/\/www.linkedin.com\/in\/rosario-galtier-vallejo-66070663\/\",\"https:\/\/www.youtube.com\/channel\/UCaFYZDc7UqVio2OdeKuaHFQ\",\"https:\/\/www.instagram.com\/ebavet_tenerife\/\"]}]}<\/script>\n<!-- \/ Yoast SEO plugin. -->","yoast_head_json":{"title":"Xtreme Catnip &#8226; Ebavet - Etolog\u00eda cl\u00ednica","description":"Xtreme Catnip. El Catnip m\u00e1s potente | Todo lo que necesitas para la educaci\u00f3n de tus animales en nuestra tienda online para las Islas Canarias.","robots":{"index":"noindex","follow":"follow","max-snippet":"max-snippet:-1","max-image-preview":"max-image-preview:large","max-video-preview":"max-video-preview:-1"},"og_locale":"es_ES","og_type":"article","og_title":"Xtreme Catnip &#8226; Ebavet - Etolog\u00eda cl\u00ednica","og_description":"Xtreme Catnip. El Catnip m\u00e1s potente | Todo lo que necesitas para la educaci\u00f3n de tus animales en nuestra tienda online para las Islas Canarias.","og_url":"https:\/\/ebavet.es\/wp\/producto\/xtreme-catnip\/","og_site_name":"Ebavet - Etolog\u00eda cl\u00ednica","article_publisher":"https:\/\/www.facebook.com\/Ebavet.CentrodeEtologia\/","article_modified_time":"2023-12-07T10:22:30+00:00","og_image":[{"width":690,"height":690,"url":"https:\/\/ebavet.es\/wp\/wp-content\/uploads\/2023\/05\/Xtreme-catnip-Pack-1.jpg","type":"image\/jpeg"}],"twitter_card":"summary_large_image","twitter_site":"@ebavet","schema":{"@context":"https:\/\/schema.org","@graph":[{"@type":"WebPage","@id":"https:\/\/ebavet.es\/wp\/producto\/xtreme-catnip\/","url":"https:\/\/ebavet.es\/wp\/producto\/xtreme-catnip\/","name":"Xtreme Catnip &#8226; Ebavet - Etolog\u00eda cl\u00ednica","isPartOf":{"@id":"https:\/\/ebavet.es\/wp\/#website"},"primaryImageOfPage":{"@id":"https:\/\/ebavet.es\/wp\/producto\/xtreme-catnip\/#primaryimage"},"image":{"@id":"https:\/\/ebavet.es\/wp\/producto\/xtreme-catnip\/#primaryimage"},"thumbnailUrl":"https:\/\/ebavet.es\/wp\/wp-content\/uploads\/2023\/05\/Xtreme-catnip-Pack-1.jpg","datePublished":"2023-05-08T11:39:17+00:00","dateModified":"2023-12-07T10:22:30+00:00","description":"Xtreme Catnip. El Catnip m\u00e1s potente | Todo lo que necesitas para la educaci\u00f3n de tus animales en nuestra tienda online para las Islas Canarias.","breadcrumb":{"@id":"https:\/\/ebavet.es\/wp\/producto\/xtreme-catnip\/#breadcrumb"},"inLanguage":"es","potentialAction":[{"@type":"ReadAction","target":["https:\/\/ebavet.es\/wp\/producto\/xtreme-catnip\/"]}]},{"@type":"ImageObject","inLanguage":"es","@id":"https:\/\/ebavet.es\/wp\/producto\/xtreme-catnip\/#primaryimage","url":"https:\/\/ebavet.es\/wp\/wp-content\/uploads\/2023\/05\/Xtreme-catnip-Pack-1.jpg","contentUrl":"https:\/\/ebavet.es\/wp\/wp-content\/uploads\/2023\/05\/Xtreme-catnip-Pack-1.jpg","width":690,"height":690},{"@type":"BreadcrumbList","@id":"https:\/\/ebavet.es\/wp\/producto\/xtreme-catnip\/#breadcrumb","itemListElement":[{"@type":"ListItem","position":1,"name":"Portada","item":"https:\/\/ebavet.es\/wp\/"},{"@type":"ListItem","position":2,"name":"Tienda","item":"https:\/\/ebavet.es\/wp\/tienda\/"},{"@type":"ListItem","position":3,"name":"Xtreme Catnip"}]},{"@type":"WebSite","@id":"https:\/\/ebavet.es\/wp\/#website","url":"https:\/\/ebavet.es\/wp\/","name":"Ebavet - Etolog\u00eda Cl\u00ednica","description":"Centro Medicina del Comportamiento Animal","publisher":{"@id":"https:\/\/ebavet.es\/wp\/#organization"},"alternateName":"Ebavet - Etolog\u00eda Cl\u00ednica","potentialAction":[{"@type":"SearchAction","target":{"@type":"EntryPoint","urlTemplate":"https:\/\/ebavet.es\/wp\/?s={search_term_string}"},"query-input":{"@type":"PropertyValueSpecification","valueRequired":true,"valueName":"search_term_string"}}],"inLanguage":"es"},{"@type":"Organization","@id":"https:\/\/ebavet.es\/wp\/#organization","name":"Ebavet","url":"https:\/\/ebavet.es\/wp\/","logo":{"@type":"ImageObject","inLanguage":"es","@id":"https:\/\/ebavet.es\/wp\/#\/schema\/logo\/image\/","url":"https:\/\/ebavet.es\/wp\/wp-content\/uploads\/2023\/04\/destacada-ebavet.jpg","contentUrl":"https:\/\/ebavet.es\/wp\/wp-content\/uploads\/2023\/04\/destacada-ebavet.jpg","width":500,"height":500,"caption":"Ebavet"},"image":{"@id":"https:\/\/ebavet.es\/wp\/#\/schema\/logo\/image\/"},"sameAs":["https:\/\/www.facebook.com\/Ebavet.CentrodeEtologia\/","https:\/\/x.com\/ebavet","https:\/\/www.linkedin.com\/in\/rosario-galtier-vallejo-66070663\/","https:\/\/www.youtube.com\/channel\/UCaFYZDc7UqVio2OdeKuaHFQ","https:\/\/www.instagram.com\/ebavet_tenerife\/"]}]}},"_links":{"self":[{"href":"https:\/\/ebavet.es\/wp\/wp-json\/wp\/v2\/product\/1210","targetHints":{"allow":["GET"]}}],"collection":[{"href":"https:\/\/ebavet.es\/wp\/wp-json\/wp\/v2\/product"}],"about":[{"href":"https:\/\/ebavet.es\/wp\/wp-json\/wp\/v2\/types\/product"}],"wp:featuredmedia":[{"embeddable":true,"href":"https:\/\/ebavet.es\/wp\/wp-json\/wp\/v2\/media\/1213"}],"wp:attachment":[{"href":"https:\/\/ebavet.es\/wp\/wp-json\/wp\/v2\/media?parent=1210"}],"wp:term":[{"taxonomy":"product_brand","embeddable":true,"href":"https:\/\/ebavet.es\/wp\/wp-json\/wp\/v2\/product_brand?post=1210"},{"taxonomy":"product_cat","embeddable":true,"href":"https:\/\/ebavet.es\/wp\/wp-json\/wp\/v2\/product_cat?post=1210"},{"taxonomy":"product_tag","embeddable":true,"href":"https:\/\/ebavet.es\/wp\/wp-json\/wp\/v2\/product_tag?post=1210"}],"curies":[{"name":"wp","href":"https:\/\/api.w.org\/{rel}","templated":true}]}}