{"id":1203,"date":"2023-05-08T11:36:41","date_gmt":"2023-05-08T11:36:41","guid":{"rendered":"https:\/\/ebavet.es\/wp\/?post_type=product&#038;p=1203"},"modified":"2023-11-28T00:01:29","modified_gmt":"2023-11-28T00:01:29","slug":"burbujas-de-catnip","status":"publish","type":"product","link":"https:\/\/ebavet.es\/wp\/producto\/burbujas-de-catnip\/","title":{"rendered":"Burbujas de Catnip"},"content":{"rendered":"<p><span style=\"font-weight: 400;\">DESCRIPCI\u00d3N<\/span><\/p>\n<p><span style=\"font-weight: 400;\">Pompas con extractos de catnip o hierba gatera.<\/span><\/p>\n<p><span style=\"font-weight: 400;\">\u00bfRecuerdas jugar a perseguir pompas de jab\u00f3n? \u00bfPor qu\u00e9 no va a disfrutar tu gato de la misma diversi\u00f3n?<\/span><\/p>\n","protected":false},"excerpt":{"rendered":"<p><span style=\"font-weight: 400;\">DESCRIPCI\u00d3N<\/span><\/p>\n<p><span style=\"font-weight: 400;\">Pompas con extractos de catnip o hierba gatera.<\/span><\/p>\n<p><span style=\"font-weight: 400;\">\u00bfRecuerdas jugar a perseguir pompas de jab\u00f3n? \u00bfPor qu\u00e9 no va a disfrutar tu gato de la misma diversi\u00f3n?<\/span><\/p>\n<p><strong>MARCA:<\/strong> <span style=\"font-weight: 400;\">Trixie<\/span><\/p>\n","protected":false},"featured_media":1208,"template":"","meta":[],"product_brand":[],"product_cat":[80,84],"product_tag":[],"class_list":{"0":"post-1203","1":"product","2":"type-product","3":"status-publish","4":"has-post-thumbnail","6":"product_cat-enriquecimiento-ambiental-felino","7":"product_cat-hierba-gatera","8":"pa_color-azul","9":"pa_color-negro","10":"pa_color-rosa","11":"pa_talla-s","12":"pa_talla-m","13":"pa_talla-l","15":"first","16":"instock","17":"shipping-taxable","18":"purchasable","19":"product-type-simple"},"yoast_head":"<!-- This site is optimized with the Yoast SEO plugin v27.1.1 - https:\/\/yoast.com\/product\/yoast-seo-wordpress\/ -->\n<title>Burbujas de Catnip &#8226; Ebavet - Etolog\u00eda cl\u00ednica<\/title>\n<meta name=\"description\" content=\"Juguetes, accesorios de paseo, correas... lo que necesitas para la educaci\u00f3n y la rutina de tus perros y gatos en nuestra tienda on line.\" \/>\n<meta name=\"robots\" content=\"noindex, follow, max-snippet:-1, max-image-preview:large, max-video-preview:-1\" \/>\n<meta property=\"og:locale\" content=\"es_ES\" \/>\n<meta property=\"og:type\" content=\"article\" \/>\n<meta property=\"og:title\" content=\"Burbujas de Catnip &#8226; Ebavet - Etolog\u00eda cl\u00ednica\" \/>\n<meta property=\"og:description\" content=\"Juguetes, accesorios de paseo, correas... lo que necesitas para la educaci\u00f3n y la rutina de tus perros y gatos en nuestra tienda on line.\" \/>\n<meta property=\"og:url\" content=\"https:\/\/ebavet.es\/wp\/producto\/burbujas-de-catnip\/\" \/>\n<meta property=\"og:site_name\" content=\"Ebavet - Etolog\u00eda cl\u00ednica\" \/>\n<meta property=\"article:publisher\" content=\"https:\/\/www.facebook.com\/Ebavet.CentrodeEtologia\/\" \/>\n<meta property=\"article:modified_time\" content=\"2023-11-28T00:01:29+00:00\" \/>\n<meta property=\"og:image\" content=\"https:\/\/ebavet.es\/wp\/wp-content\/uploads\/2023\/05\/pompas-catnip.jpg\" \/>\n\t<meta property=\"og:image:width\" content=\"690\" \/>\n\t<meta property=\"og:image:height\" content=\"690\" \/>\n\t<meta property=\"og:image:type\" content=\"image\/jpeg\" \/>\n<meta name=\"twitter:card\" content=\"summary_large_image\" \/>\n<meta name=\"twitter:site\" content=\"@ebavet\" \/>\n<meta name=\"twitter:label1\" content=\"Tiempo de lectura\" \/>\n\t<meta name=\"twitter:data1\" content=\"1 minuto\" \/>\n<script type=\"application\/ld+json\" class=\"yoast-schema-graph\">{\"@context\":\"https:\/\/schema.org\",\"@graph\":[{\"@type\":\"WebPage\",\"@id\":\"https:\/\/ebavet.es\/wp\/producto\/burbujas-de-catnip\/\",\"url\":\"https:\/\/ebavet.es\/wp\/producto\/burbujas-de-catnip\/\",\"name\":\"Burbujas de Catnip &#8226; Ebavet - Etolog\u00eda cl\u00ednica\",\"isPartOf\":{\"@id\":\"https:\/\/ebavet.es\/wp\/#website\"},\"primaryImageOfPage\":{\"@id\":\"https:\/\/ebavet.es\/wp\/producto\/burbujas-de-catnip\/#primaryimage\"},\"image\":{\"@id\":\"https:\/\/ebavet.es\/wp\/producto\/burbujas-de-catnip\/#primaryimage\"},\"thumbnailUrl\":\"https:\/\/ebavet.es\/wp\/wp-content\/uploads\/2023\/05\/pompas-catnip.jpg\",\"datePublished\":\"2023-05-08T11:36:41+00:00\",\"dateModified\":\"2023-11-28T00:01:29+00:00\",\"description\":\"Juguetes, accesorios de paseo, correas... lo que necesitas para la educaci\u00f3n y la rutina de tus perros y gatos en nuestra tienda on line.\",\"breadcrumb\":{\"@id\":\"https:\/\/ebavet.es\/wp\/producto\/burbujas-de-catnip\/#breadcrumb\"},\"inLanguage\":\"es\",\"potentialAction\":[{\"@type\":\"ReadAction\",\"target\":[\"https:\/\/ebavet.es\/wp\/producto\/burbujas-de-catnip\/\"]}]},{\"@type\":\"ImageObject\",\"inLanguage\":\"es\",\"@id\":\"https:\/\/ebavet.es\/wp\/producto\/burbujas-de-catnip\/#primaryimage\",\"url\":\"https:\/\/ebavet.es\/wp\/wp-content\/uploads\/2023\/05\/pompas-catnip.jpg\",\"contentUrl\":\"https:\/\/ebavet.es\/wp\/wp-content\/uploads\/2023\/05\/pompas-catnip.jpg\",\"width\":690,\"height\":690},{\"@type\":\"BreadcrumbList\",\"@id\":\"https:\/\/ebavet.es\/wp\/producto\/burbujas-de-catnip\/#breadcrumb\",\"itemListElement\":[{\"@type\":\"ListItem\",\"position\":1,\"name\":\"Portada\",\"item\":\"https:\/\/ebavet.es\/wp\/\"},{\"@type\":\"ListItem\",\"position\":2,\"name\":\"Tienda\",\"item\":\"https:\/\/ebavet.es\/wp\/tienda\/\"},{\"@type\":\"ListItem\",\"position\":3,\"name\":\"Burbujas de Catnip\"}]},{\"@type\":\"WebSite\",\"@id\":\"https:\/\/ebavet.es\/wp\/#website\",\"url\":\"https:\/\/ebavet.es\/wp\/\",\"name\":\"Ebavet - Etolog\u00eda Cl\u00ednica\",\"description\":\"Centro Medicina del Comportamiento Animal\",\"publisher\":{\"@id\":\"https:\/\/ebavet.es\/wp\/#organization\"},\"alternateName\":\"Ebavet - Etolog\u00eda Cl\u00ednica\",\"potentialAction\":[{\"@type\":\"SearchAction\",\"target\":{\"@type\":\"EntryPoint\",\"urlTemplate\":\"https:\/\/ebavet.es\/wp\/?s={search_term_string}\"},\"query-input\":{\"@type\":\"PropertyValueSpecification\",\"valueRequired\":true,\"valueName\":\"search_term_string\"}}],\"inLanguage\":\"es\"},{\"@type\":\"Organization\",\"@id\":\"https:\/\/ebavet.es\/wp\/#organization\",\"name\":\"Ebavet\",\"url\":\"https:\/\/ebavet.es\/wp\/\",\"logo\":{\"@type\":\"ImageObject\",\"inLanguage\":\"es\",\"@id\":\"https:\/\/ebavet.es\/wp\/#\/schema\/logo\/image\/\",\"url\":\"https:\/\/ebavet.es\/wp\/wp-content\/uploads\/2023\/04\/destacada-ebavet.jpg\",\"contentUrl\":\"https:\/\/ebavet.es\/wp\/wp-content\/uploads\/2023\/04\/destacada-ebavet.jpg\",\"width\":500,\"height\":500,\"caption\":\"Ebavet\"},\"image\":{\"@id\":\"https:\/\/ebavet.es\/wp\/#\/schema\/logo\/image\/\"},\"sameAs\":[\"https:\/\/www.facebook.com\/Ebavet.CentrodeEtologia\/\",\"https:\/\/x.com\/ebavet\",\"https:\/\/www.linkedin.com\/in\/rosario-galtier-vallejo-66070663\/\",\"https:\/\/www.youtube.com\/channel\/UCaFYZDc7UqVio2OdeKuaHFQ\",\"https:\/\/www.instagram.com\/ebavet_tenerife\/\"]}]}<\/script>\n<!-- \/ Yoast SEO plugin. -->","yoast_head_json":{"title":"Burbujas de Catnip &#8226; Ebavet - Etolog\u00eda cl\u00ednica","description":"Juguetes, accesorios de paseo, correas... lo que necesitas para la educaci\u00f3n y la rutina de tus perros y gatos en nuestra tienda on line.","robots":{"index":"noindex","follow":"follow","max-snippet":"max-snippet:-1","max-image-preview":"max-image-preview:large","max-video-preview":"max-video-preview:-1"},"og_locale":"es_ES","og_type":"article","og_title":"Burbujas de Catnip &#8226; Ebavet - Etolog\u00eda cl\u00ednica","og_description":"Juguetes, accesorios de paseo, correas... lo que necesitas para la educaci\u00f3n y la rutina de tus perros y gatos en nuestra tienda on line.","og_url":"https:\/\/ebavet.es\/wp\/producto\/burbujas-de-catnip\/","og_site_name":"Ebavet - Etolog\u00eda cl\u00ednica","article_publisher":"https:\/\/www.facebook.com\/Ebavet.CentrodeEtologia\/","article_modified_time":"2023-11-28T00:01:29+00:00","og_image":[{"width":690,"height":690,"url":"https:\/\/ebavet.es\/wp\/wp-content\/uploads\/2023\/05\/pompas-catnip.jpg","type":"image\/jpeg"}],"twitter_card":"summary_large_image","twitter_site":"@ebavet","twitter_misc":{"Tiempo de lectura":"1 minuto"},"schema":{"@context":"https:\/\/schema.org","@graph":[{"@type":"WebPage","@id":"https:\/\/ebavet.es\/wp\/producto\/burbujas-de-catnip\/","url":"https:\/\/ebavet.es\/wp\/producto\/burbujas-de-catnip\/","name":"Burbujas de Catnip &#8226; Ebavet - Etolog\u00eda cl\u00ednica","isPartOf":{"@id":"https:\/\/ebavet.es\/wp\/#website"},"primaryImageOfPage":{"@id":"https:\/\/ebavet.es\/wp\/producto\/burbujas-de-catnip\/#primaryimage"},"image":{"@id":"https:\/\/ebavet.es\/wp\/producto\/burbujas-de-catnip\/#primaryimage"},"thumbnailUrl":"https:\/\/ebavet.es\/wp\/wp-content\/uploads\/2023\/05\/pompas-catnip.jpg","datePublished":"2023-05-08T11:36:41+00:00","dateModified":"2023-11-28T00:01:29+00:00","description":"Juguetes, accesorios de paseo, correas... lo que necesitas para la educaci\u00f3n y la rutina de tus perros y gatos en nuestra tienda on line.","breadcrumb":{"@id":"https:\/\/ebavet.es\/wp\/producto\/burbujas-de-catnip\/#breadcrumb"},"inLanguage":"es","potentialAction":[{"@type":"ReadAction","target":["https:\/\/ebavet.es\/wp\/producto\/burbujas-de-catnip\/"]}]},{"@type":"ImageObject","inLanguage":"es","@id":"https:\/\/ebavet.es\/wp\/producto\/burbujas-de-catnip\/#primaryimage","url":"https:\/\/ebavet.es\/wp\/wp-content\/uploads\/2023\/05\/pompas-catnip.jpg","contentUrl":"https:\/\/ebavet.es\/wp\/wp-content\/uploads\/2023\/05\/pompas-catnip.jpg","width":690,"height":690},{"@type":"BreadcrumbList","@id":"https:\/\/ebavet.es\/wp\/producto\/burbujas-de-catnip\/#breadcrumb","itemListElement":[{"@type":"ListItem","position":1,"name":"Portada","item":"https:\/\/ebavet.es\/wp\/"},{"@type":"ListItem","position":2,"name":"Tienda","item":"https:\/\/ebavet.es\/wp\/tienda\/"},{"@type":"ListItem","position":3,"name":"Burbujas de Catnip"}]},{"@type":"WebSite","@id":"https:\/\/ebavet.es\/wp\/#website","url":"https:\/\/ebavet.es\/wp\/","name":"Ebavet - Etolog\u00eda Cl\u00ednica","description":"Centro Medicina del Comportamiento Animal","publisher":{"@id":"https:\/\/ebavet.es\/wp\/#organization"},"alternateName":"Ebavet - Etolog\u00eda Cl\u00ednica","potentialAction":[{"@type":"SearchAction","target":{"@type":"EntryPoint","urlTemplate":"https:\/\/ebavet.es\/wp\/?s={search_term_string}"},"query-input":{"@type":"PropertyValueSpecification","valueRequired":true,"valueName":"search_term_string"}}],"inLanguage":"es"},{"@type":"Organization","@id":"https:\/\/ebavet.es\/wp\/#organization","name":"Ebavet","url":"https:\/\/ebavet.es\/wp\/","logo":{"@type":"ImageObject","inLanguage":"es","@id":"https:\/\/ebavet.es\/wp\/#\/schema\/logo\/image\/","url":"https:\/\/ebavet.es\/wp\/wp-content\/uploads\/2023\/04\/destacada-ebavet.jpg","contentUrl":"https:\/\/ebavet.es\/wp\/wp-content\/uploads\/2023\/04\/destacada-ebavet.jpg","width":500,"height":500,"caption":"Ebavet"},"image":{"@id":"https:\/\/ebavet.es\/wp\/#\/schema\/logo\/image\/"},"sameAs":["https:\/\/www.facebook.com\/Ebavet.CentrodeEtologia\/","https:\/\/x.com\/ebavet","https:\/\/www.linkedin.com\/in\/rosario-galtier-vallejo-66070663\/","https:\/\/www.youtube.com\/channel\/UCaFYZDc7UqVio2OdeKuaHFQ","https:\/\/www.instagram.com\/ebavet_tenerife\/"]}]}},"_links":{"self":[{"href":"https:\/\/ebavet.es\/wp\/wp-json\/wp\/v2\/product\/1203","targetHints":{"allow":["GET"]}}],"collection":[{"href":"https:\/\/ebavet.es\/wp\/wp-json\/wp\/v2\/product"}],"about":[{"href":"https:\/\/ebavet.es\/wp\/wp-json\/wp\/v2\/types\/product"}],"wp:featuredmedia":[{"embeddable":true,"href":"https:\/\/ebavet.es\/wp\/wp-json\/wp\/v2\/media\/1208"}],"wp:attachment":[{"href":"https:\/\/ebavet.es\/wp\/wp-json\/wp\/v2\/media?parent=1203"}],"wp:term":[{"taxonomy":"product_brand","embeddable":true,"href":"https:\/\/ebavet.es\/wp\/wp-json\/wp\/v2\/product_brand?post=1203"},{"taxonomy":"product_cat","embeddable":true,"href":"https:\/\/ebavet.es\/wp\/wp-json\/wp\/v2\/product_cat?post=1203"},{"taxonomy":"product_tag","embeddable":true,"href":"https:\/\/ebavet.es\/wp\/wp-json\/wp\/v2\/product_tag?post=1203"}],"curies":[{"name":"wp","href":"https:\/\/api.w.org\/{rel}","templated":true}]}}