{"id":1130,"date":"2023-05-08T09:47:36","date_gmt":"2023-05-08T09:47:36","guid":{"rendered":"https:\/\/ebavet.es\/wp\/?post_type=product&#038;p=1130"},"modified":"2023-08-04T12:21:50","modified_gmt":"2023-08-04T12:21:50","slug":"kong-classic","status":"publish","type":"product","link":"https:\/\/ebavet.es\/wp\/producto\/kong-classic\/","title":{"rendered":"Kong Classic"},"content":{"rendered":"<p><b>\u00bfC\u00f3mo elegir el Kong para mi perro?<\/b><span style=\"font-weight: 400;\"><br \/>\n<\/span><span style=\"font-weight: 400;\">El color del juguete indica su dureza, de esta manera tenemos:<\/span><\/p>\n<ul>\n<li style=\"font-weight: 400;\" aria-level=\"1\"><span style=\"font-weight: 400;\">Kong Puppy (azul claro o rosa): dureza baja para cachorros.\u00a0<\/span><\/li>\n<li style=\"font-weight: 400;\" aria-level=\"1\"><span style=\"font-weight: 400;\">Kong Senior (violeta): dureza baja para perros mayores con bocas m\u00e1s sensibles.<\/span><\/li>\n<li style=\"font-weight: 400;\" aria-level=\"1\"><span style=\"font-weight: 400;\">Kong Classic (rojo): de dureza media, para perros adultos.<\/span><\/li>\n<li style=\"font-weight: 400;\" aria-level=\"1\"><span style=\"font-weight: 400;\">Kong Blue (azul): Edici\u00f3n especial para centros veterinarios, con una dureza similar al Kong Classic, pero con la caracter\u00edstica que puede detectarse en las radiograf\u00edas para aquellos perros que tengamos la duda de si se tragar\u00eda alg\u00fan trozo si llega a romperlo.<\/span><\/li>\n<li style=\"font-weight: 400;\" aria-level=\"1\"><span style=\"font-weight: 400;\">Kong Extreme (negro): De dureza alta especial para perros m\u00e1s destructores.<\/span><\/li>\n<\/ul>\n<p><span style=\"font-weight: 400;\">Una vez elegido el color seg\u00fan las caracter\u00edsticas de nuestro perro, seleccionamos la talla (desde XS a XXL) seg\u00fan el tama\u00f1o del perro.<\/span><\/p>\n","protected":false},"excerpt":{"rendered":"<p>Colecci\u00f3n de juguetes Kong: juguetes mordedores de caucho rellenable.<\/p>\n<p>El Kong Classic es el juguete m\u00e1s famoso de la marca Kong, y el que le da la forma a su logotipo. Su forma irregular y su textura lo convierte en uno de los juguetes favoritos de nuestros perros.<\/p>\n<p>Se puede rellenar de comida para favorecer la masticaci\u00f3n y la estimulaci\u00f3n mental, adem\u00e1s de\u00a0ayudarnos a ense\u00f1arle a nuestro perro que no hay nada de malo en estar solo en casa. Y en verano, podemos rellenarlo de fruta, congelarlo y \u00a1transformarlo en un divertido helado!<\/p>\n<p>Color: Rojo<br \/>\n<strong>Marca:<\/strong> Kong<\/p>\n","protected":false},"featured_media":1131,"template":"","meta":[],"product_brand":[],"product_cat":[63,64,69],"product_tag":[],"class_list":{"0":"post-1130","1":"product","2":"type-product","3":"status-publish","4":"has-post-thumbnail","6":"product_cat-juguetes-perro","7":"product_cat-juguetes-rellenables","8":"product_cat-kong-classic","9":"pa_talla-xs","10":"pa_talla-s","11":"pa_talla-m","12":"pa_talla-l","13":"pa_talla-xl","14":"pa_talla-xxl","16":"first","17":"instock","18":"shipping-taxable","19":"purchasable","20":"product-type-variable"},"yoast_head":"<!-- This site is optimized with the Yoast SEO plugin v27.1.1 - https:\/\/yoast.com\/product\/yoast-seo-wordpress\/ -->\n<title>Kong Classic &#8226; Ebavet - Etolog\u00eda cl\u00ednica<\/title>\n<meta name=\"description\" content=\"Juguetes, accesorios de paseo, correas... lo que necesitas para la educaci\u00f3n y la rutina de tus perros y gatos en nuestra tienda on line.\" \/>\n<meta name=\"robots\" content=\"noindex, follow, max-snippet:-1, max-image-preview:large, max-video-preview:-1\" \/>\n<meta property=\"og:locale\" content=\"es_ES\" \/>\n<meta property=\"og:type\" content=\"article\" \/>\n<meta property=\"og:title\" content=\"Kong Classic &#8226; Ebavet - Etolog\u00eda cl\u00ednica\" \/>\n<meta property=\"og:description\" content=\"Juguetes, accesorios de paseo, correas... lo que necesitas para la educaci\u00f3n y la rutina de tus perros y gatos en nuestra tienda on line.\" \/>\n<meta property=\"og:url\" content=\"https:\/\/ebavet.es\/wp\/producto\/kong-classic\/\" \/>\n<meta property=\"og:site_name\" content=\"Ebavet - Etolog\u00eda cl\u00ednica\" \/>\n<meta property=\"article:publisher\" content=\"https:\/\/www.facebook.com\/Ebavet.CentrodeEtologia\/\" \/>\n<meta property=\"article:modified_time\" content=\"2023-08-04T12:21:50+00:00\" \/>\n<meta property=\"og:image\" content=\"https:\/\/ebavet.es\/wp\/wp-content\/uploads\/2023\/05\/Kong-classic-S-1.png\" \/>\n\t<meta property=\"og:image:width\" content=\"690\" \/>\n\t<meta property=\"og:image:height\" content=\"690\" \/>\n\t<meta property=\"og:image:type\" content=\"image\/png\" \/>\n<meta name=\"twitter:card\" content=\"summary_large_image\" \/>\n<meta name=\"twitter:site\" content=\"@ebavet\" \/>\n<meta name=\"twitter:label1\" content=\"Tiempo de lectura\" \/>\n\t<meta name=\"twitter:data1\" content=\"1 minuto\" \/>\n<script type=\"application\/ld+json\" class=\"yoast-schema-graph\">{\"@context\":\"https:\/\/schema.org\",\"@graph\":[{\"@type\":\"WebPage\",\"@id\":\"https:\/\/ebavet.es\/wp\/producto\/kong-classic\/\",\"url\":\"https:\/\/ebavet.es\/wp\/producto\/kong-classic\/\",\"name\":\"Kong Classic &#8226; Ebavet - Etolog\u00eda cl\u00ednica\",\"isPartOf\":{\"@id\":\"https:\/\/ebavet.es\/wp\/#website\"},\"primaryImageOfPage\":{\"@id\":\"https:\/\/ebavet.es\/wp\/producto\/kong-classic\/#primaryimage\"},\"image\":{\"@id\":\"https:\/\/ebavet.es\/wp\/producto\/kong-classic\/#primaryimage\"},\"thumbnailUrl\":\"https:\/\/ebavet.es\/wp\/wp-content\/uploads\/2023\/05\/Kong-classic-S-1.png\",\"datePublished\":\"2023-05-08T09:47:36+00:00\",\"dateModified\":\"2023-08-04T12:21:50+00:00\",\"description\":\"Juguetes, accesorios de paseo, correas... lo que necesitas para la educaci\u00f3n y la rutina de tus perros y gatos en nuestra tienda on line.\",\"breadcrumb\":{\"@id\":\"https:\/\/ebavet.es\/wp\/producto\/kong-classic\/#breadcrumb\"},\"inLanguage\":\"es\",\"potentialAction\":[{\"@type\":\"ReadAction\",\"target\":[\"https:\/\/ebavet.es\/wp\/producto\/kong-classic\/\"]}]},{\"@type\":\"ImageObject\",\"inLanguage\":\"es\",\"@id\":\"https:\/\/ebavet.es\/wp\/producto\/kong-classic\/#primaryimage\",\"url\":\"https:\/\/ebavet.es\/wp\/wp-content\/uploads\/2023\/05\/Kong-classic-S-1.png\",\"contentUrl\":\"https:\/\/ebavet.es\/wp\/wp-content\/uploads\/2023\/05\/Kong-classic-S-1.png\",\"width\":690,\"height\":690},{\"@type\":\"BreadcrumbList\",\"@id\":\"https:\/\/ebavet.es\/wp\/producto\/kong-classic\/#breadcrumb\",\"itemListElement\":[{\"@type\":\"ListItem\",\"position\":1,\"name\":\"Portada\",\"item\":\"https:\/\/ebavet.es\/wp\/\"},{\"@type\":\"ListItem\",\"position\":2,\"name\":\"Tienda\",\"item\":\"https:\/\/ebavet.es\/wp\/tienda\/\"},{\"@type\":\"ListItem\",\"position\":3,\"name\":\"Kong Classic\"}]},{\"@type\":\"WebSite\",\"@id\":\"https:\/\/ebavet.es\/wp\/#website\",\"url\":\"https:\/\/ebavet.es\/wp\/\",\"name\":\"Ebavet - Etolog\u00eda Cl\u00ednica\",\"description\":\"Centro Medicina del Comportamiento Animal\",\"publisher\":{\"@id\":\"https:\/\/ebavet.es\/wp\/#organization\"},\"alternateName\":\"Ebavet - Etolog\u00eda Cl\u00ednica\",\"potentialAction\":[{\"@type\":\"SearchAction\",\"target\":{\"@type\":\"EntryPoint\",\"urlTemplate\":\"https:\/\/ebavet.es\/wp\/?s={search_term_string}\"},\"query-input\":{\"@type\":\"PropertyValueSpecification\",\"valueRequired\":true,\"valueName\":\"search_term_string\"}}],\"inLanguage\":\"es\"},{\"@type\":\"Organization\",\"@id\":\"https:\/\/ebavet.es\/wp\/#organization\",\"name\":\"Ebavet\",\"url\":\"https:\/\/ebavet.es\/wp\/\",\"logo\":{\"@type\":\"ImageObject\",\"inLanguage\":\"es\",\"@id\":\"https:\/\/ebavet.es\/wp\/#\/schema\/logo\/image\/\",\"url\":\"https:\/\/ebavet.es\/wp\/wp-content\/uploads\/2023\/04\/destacada-ebavet.jpg\",\"contentUrl\":\"https:\/\/ebavet.es\/wp\/wp-content\/uploads\/2023\/04\/destacada-ebavet.jpg\",\"width\":500,\"height\":500,\"caption\":\"Ebavet\"},\"image\":{\"@id\":\"https:\/\/ebavet.es\/wp\/#\/schema\/logo\/image\/\"},\"sameAs\":[\"https:\/\/www.facebook.com\/Ebavet.CentrodeEtologia\/\",\"https:\/\/x.com\/ebavet\",\"https:\/\/www.linkedin.com\/in\/rosario-galtier-vallejo-66070663\/\",\"https:\/\/www.youtube.com\/channel\/UCaFYZDc7UqVio2OdeKuaHFQ\",\"https:\/\/www.instagram.com\/ebavet_tenerife\/\"]}]}<\/script>\n<!-- \/ Yoast SEO plugin. -->","yoast_head_json":{"title":"Kong Classic &#8226; Ebavet - Etolog\u00eda cl\u00ednica","description":"Juguetes, accesorios de paseo, correas... lo que necesitas para la educaci\u00f3n y la rutina de tus perros y gatos en nuestra tienda on line.","robots":{"index":"noindex","follow":"follow","max-snippet":"max-snippet:-1","max-image-preview":"max-image-preview:large","max-video-preview":"max-video-preview:-1"},"og_locale":"es_ES","og_type":"article","og_title":"Kong Classic &#8226; Ebavet - Etolog\u00eda cl\u00ednica","og_description":"Juguetes, accesorios de paseo, correas... lo que necesitas para la educaci\u00f3n y la rutina de tus perros y gatos en nuestra tienda on line.","og_url":"https:\/\/ebavet.es\/wp\/producto\/kong-classic\/","og_site_name":"Ebavet - Etolog\u00eda cl\u00ednica","article_publisher":"https:\/\/www.facebook.com\/Ebavet.CentrodeEtologia\/","article_modified_time":"2023-08-04T12:21:50+00:00","og_image":[{"width":690,"height":690,"url":"https:\/\/ebavet.es\/wp\/wp-content\/uploads\/2023\/05\/Kong-classic-S-1.png","type":"image\/png"}],"twitter_card":"summary_large_image","twitter_site":"@ebavet","twitter_misc":{"Tiempo de lectura":"1 minuto"},"schema":{"@context":"https:\/\/schema.org","@graph":[{"@type":"WebPage","@id":"https:\/\/ebavet.es\/wp\/producto\/kong-classic\/","url":"https:\/\/ebavet.es\/wp\/producto\/kong-classic\/","name":"Kong Classic &#8226; Ebavet - Etolog\u00eda cl\u00ednica","isPartOf":{"@id":"https:\/\/ebavet.es\/wp\/#website"},"primaryImageOfPage":{"@id":"https:\/\/ebavet.es\/wp\/producto\/kong-classic\/#primaryimage"},"image":{"@id":"https:\/\/ebavet.es\/wp\/producto\/kong-classic\/#primaryimage"},"thumbnailUrl":"https:\/\/ebavet.es\/wp\/wp-content\/uploads\/2023\/05\/Kong-classic-S-1.png","datePublished":"2023-05-08T09:47:36+00:00","dateModified":"2023-08-04T12:21:50+00:00","description":"Juguetes, accesorios de paseo, correas... lo que necesitas para la educaci\u00f3n y la rutina de tus perros y gatos en nuestra tienda on line.","breadcrumb":{"@id":"https:\/\/ebavet.es\/wp\/producto\/kong-classic\/#breadcrumb"},"inLanguage":"es","potentialAction":[{"@type":"ReadAction","target":["https:\/\/ebavet.es\/wp\/producto\/kong-classic\/"]}]},{"@type":"ImageObject","inLanguage":"es","@id":"https:\/\/ebavet.es\/wp\/producto\/kong-classic\/#primaryimage","url":"https:\/\/ebavet.es\/wp\/wp-content\/uploads\/2023\/05\/Kong-classic-S-1.png","contentUrl":"https:\/\/ebavet.es\/wp\/wp-content\/uploads\/2023\/05\/Kong-classic-S-1.png","width":690,"height":690},{"@type":"BreadcrumbList","@id":"https:\/\/ebavet.es\/wp\/producto\/kong-classic\/#breadcrumb","itemListElement":[{"@type":"ListItem","position":1,"name":"Portada","item":"https:\/\/ebavet.es\/wp\/"},{"@type":"ListItem","position":2,"name":"Tienda","item":"https:\/\/ebavet.es\/wp\/tienda\/"},{"@type":"ListItem","position":3,"name":"Kong Classic"}]},{"@type":"WebSite","@id":"https:\/\/ebavet.es\/wp\/#website","url":"https:\/\/ebavet.es\/wp\/","name":"Ebavet - Etolog\u00eda Cl\u00ednica","description":"Centro Medicina del Comportamiento Animal","publisher":{"@id":"https:\/\/ebavet.es\/wp\/#organization"},"alternateName":"Ebavet - Etolog\u00eda Cl\u00ednica","potentialAction":[{"@type":"SearchAction","target":{"@type":"EntryPoint","urlTemplate":"https:\/\/ebavet.es\/wp\/?s={search_term_string}"},"query-input":{"@type":"PropertyValueSpecification","valueRequired":true,"valueName":"search_term_string"}}],"inLanguage":"es"},{"@type":"Organization","@id":"https:\/\/ebavet.es\/wp\/#organization","name":"Ebavet","url":"https:\/\/ebavet.es\/wp\/","logo":{"@type":"ImageObject","inLanguage":"es","@id":"https:\/\/ebavet.es\/wp\/#\/schema\/logo\/image\/","url":"https:\/\/ebavet.es\/wp\/wp-content\/uploads\/2023\/04\/destacada-ebavet.jpg","contentUrl":"https:\/\/ebavet.es\/wp\/wp-content\/uploads\/2023\/04\/destacada-ebavet.jpg","width":500,"height":500,"caption":"Ebavet"},"image":{"@id":"https:\/\/ebavet.es\/wp\/#\/schema\/logo\/image\/"},"sameAs":["https:\/\/www.facebook.com\/Ebavet.CentrodeEtologia\/","https:\/\/x.com\/ebavet","https:\/\/www.linkedin.com\/in\/rosario-galtier-vallejo-66070663\/","https:\/\/www.youtube.com\/channel\/UCaFYZDc7UqVio2OdeKuaHFQ","https:\/\/www.instagram.com\/ebavet_tenerife\/"]}]}},"_links":{"self":[{"href":"https:\/\/ebavet.es\/wp\/wp-json\/wp\/v2\/product\/1130","targetHints":{"allow":["GET"]}}],"collection":[{"href":"https:\/\/ebavet.es\/wp\/wp-json\/wp\/v2\/product"}],"about":[{"href":"https:\/\/ebavet.es\/wp\/wp-json\/wp\/v2\/types\/product"}],"wp:featuredmedia":[{"embeddable":true,"href":"https:\/\/ebavet.es\/wp\/wp-json\/wp\/v2\/media\/1131"}],"wp:attachment":[{"href":"https:\/\/ebavet.es\/wp\/wp-json\/wp\/v2\/media?parent=1130"}],"wp:term":[{"taxonomy":"product_brand","embeddable":true,"href":"https:\/\/ebavet.es\/wp\/wp-json\/wp\/v2\/product_brand?post=1130"},{"taxonomy":"product_cat","embeddable":true,"href":"https:\/\/ebavet.es\/wp\/wp-json\/wp\/v2\/product_cat?post=1130"},{"taxonomy":"product_tag","embeddable":true,"href":"https:\/\/ebavet.es\/wp\/wp-json\/wp\/v2\/product_tag?post=1130"}],"curies":[{"name":"wp","href":"https:\/\/api.w.org\/{rel}","templated":true}]}}