{"id":39,"date":"2023-04-18T11:45:28","date_gmt":"2023-04-18T11:45:28","guid":{"rendered":"https:\/\/ebavet.es\/wp\/?page_id=39"},"modified":"2023-04-28T10:45:51","modified_gmt":"2023-04-28T10:45:51","slug":"contacto","status":"publish","type":"page","link":"https:\/\/ebavet.es\/wp\/contacto\/","title":{"rendered":"Contacto"},"content":{"rendered":"[vc_row type=\u00bbin_container\u00bb full_screen_row_position=\u00bbmiddle\u00bb column_margin=\u00bbdefault\u00bb column_direction=\u00bbdefault\u00bb column_direction_tablet=\u00bbdefault\u00bb column_direction_phone=\u00bbdefault\u00bb scene_position=\u00bbcenter\u00bb text_color=\u00bbdark\u00bb text_align=\u00bbleft\u00bb row_border_radius=\u00bbnone\u00bb row_border_radius_applies=\u00bbbg\u00bb overflow=\u00bbvisible\u00bb overlay_strength=\u00bb0.3&#8243; gradient_direction=\u00bbleft_to_right\u00bb shape_divider_position=\u00bbbottom\u00bb bg_image_animation=\u00bbnone\u00bb gradient_type=\u00bbdefault\u00bb shape_type=\u00bb\u00bb][vc_column column_padding=\u00bbno-extra-padding\u00bb column_padding_tablet=\u00bbinherit\u00bb column_padding_phone=\u00bbinherit\u00bb column_padding_position=\u00bball\u00bb column_element_direction_desktop=\u00bbdefault\u00bb column_element_spacing=\u00bbdefault\u00bb desktop_text_alignment=\u00bbdefault\u00bb tablet_text_alignment=\u00bbdefault\u00bb phone_text_alignment=\u00bbdefault\u00bb background_color_opacity=\u00bb1&#8243; background_hover_color_opacity=\u00bb1&#8243; column_backdrop_filter=\u00bbnone\u00bb column_shadow=\u00bbnone\u00bb column_border_radius=\u00bbnone\u00bb column_link_target=\u00bb_self\u00bb column_position=\u00bbdefault\u00bb gradient_direction=\u00bbleft_to_right\u00bb overlay_strength=\u00bb0.3&#8243; width=\u00bb1\/1&#8243; tablet_width_inherit=\u00bbdefault\u00bb animation_type=\u00bbdefault\u00bb bg_image_animation=\u00bbnone\u00bb border_type=\u00bbsimple\u00bb column_border_width=\u00bbnone\u00bb column_border_style=\u00bbsolid\u00bb][vc_raw_html]JTNDaWZyYW1lJTIwc3JjJTNEJTIyaHR0cHMlM0ElMkYlMkZ3d3cuZ29vZ2xlLmNvbSUyRm1hcHMlMkZlbWJlZCUzRnBiJTNEJTIxMW0xOCUyMTFtMTIlMjExbTMlMjExZDIwODUuNDk0MzcxNTg0NTQ0OCUyMTJkLTE2LjQwNzE4NDczOTY3NzQzNyUyMTNkMjguNDY4NDE3NDU3MjcxNzE2JTIxMm0zJTIxMWYwJTIxMmYwJTIxM2YwJTIxM20yJTIxMWkxMDI0JTIxMmk3NjglMjE0ZjEzLjElMjEzbTMlMjExbTIlMjExczB4YzQxZDNiYTk0ZTI1NTU1JTI1M0EweDU1OWI1MTQxM2RhYzk4MyUyMTJzZWJhdmV0JTIxNWUwJTIxM20yJTIxMXNlcyUyMTJzZXMlMjE0djE2ODE4OTYxNzU3OTklMjE1bTIlMjExc2VzJTIxMnNlcyUyMiUyMHdpZHRoJTNEJTIyMTAwJTI1JTIyJTIwaGVpZ2h0JTNEJTIyMzIwJTIyJTIwc3R5bGUlM0QlMjJib3JkZXIlM0EwJTNCJTIwYm9yZGVyLXJhZGl1cyUzQTMwcHglM0IlMjIlMjBhbGxvd2Z1bGxzY3JlZW4lM0QlMjIlMjIlMjBsb2FkaW5nJTNEJTIybGF6eSUyMiUyMHJlZmVycmVycG9saWN5JTNEJTIybm8tcmVmZXJyZXItd2hlbi1kb3duZ3JhZGUlMjIlM0UlM0MlMkZpZnJhbWUlM0U=[\/vc_raw_html][\/vc_column][\/vc_row][vc_row type=\u00bbin_container\u00bb full_screen_row_position=\u00bbmiddle\u00bb column_margin=\u00bbdefault\u00bb equal_height=\u00bbyes\u00bb content_placement=\u00bbtop\u00bb column_direction=\u00bbdefault\u00bb column_direction_tablet=\u00bbdefault\u00bb column_direction_phone=\u00bbdefault\u00bb scene_position=\u00bbcenter\u00bb top_padding=\u00bb3%\u00bb text_color=\u00bbdark\u00bb text_align=\u00bbleft\u00bb row_border_radius=\u00bbnone\u00bb row_border_radius_applies=\u00bbbg\u00bb overflow=\u00bbvisible\u00bb overlay_strength=\u00bb0.3&#8243; gradient_direction=\u00bbleft_to_right\u00bb shape_divider_position=\u00bbbottom\u00bb bg_image_animation=\u00bbnone\u00bb gradient_type=\u00bbdefault\u00bb shape_type=\u00bb\u00bb][vc_column column_padding=\u00bbpadding-5-percent\u00bb column_padding_tablet=\u00bbno-extra-padding\u00bb column_padding_phone=\u00bbno-extra-padding\u00bb column_padding_position=\u00bbright\u00bb column_element_direction_desktop=\u00bbdefault\u00bb column_element_spacing=\u00bbdefault\u00bb desktop_text_alignment=\u00bbdefault\u00bb tablet_text_alignment=\u00bbdefault\u00bb phone_text_alignment=\u00bbdefault\u00bb background_color_opacity=\u00bb1&#8243; background_hover_color_opacity=\u00bb1&#8243; column_backdrop_filter=\u00bbnone\u00bb column_shadow=\u00bbnone\u00bb column_border_radius=\u00bbnone\u00bb column_link_target=\u00bb_self\u00bb column_position=\u00bbdefault\u00bb gradient_direction=\u00bbleft_to_right\u00bb overlay_strength=\u00bb0.3&#8243; width=\u00bb1\/3&#8243; tablet_width_inherit=\u00bbdefault\u00bb animation_type=\u00bbdefault\u00bb bg_image_animation=\u00bbnone\u00bb border_type=\u00bbsimple\u00bb column_border_width=\u00bbnone\u00bb column_border_style=\u00bbsolid\u00bb column_padding_type=\u00bbdefault\u00bb gradient_type=\u00bbdefault\u00bb][vc_column_text]\n<h1><strong><span style=\"color: #3a2370;\">Contacto<\/span><\/strong><\/h1>\n[\/vc_column_text][vc_column_text]<i class=\"fa fa-map-marker\" aria-hidden=\"true\"><\/i> Carretera TF-228, 121. Agua Garc\u00eda, Tacoronte. 38355<\/p>\n<p><i class=\"fa fa-phone\" aria-hidden=\"true\"><\/i> (+34) 610 127 174<\/p>\n<p><i class=\"fa fa-envelope\" aria-hidden=\"true\"><\/i> <a href=\"mailto:info@ebavet.es\">info@ebavet.es<\/a>[\/vc_column_text][\/vc_column][vc_column column_padding=\u00bbpadding-3-percent\u00bb column_padding_tablet=\u00bbinherit\u00bb column_padding_phone=\u00bbinherit\u00bb column_padding_position=\u00bbleft\u00bb column_element_direction_desktop=\u00bbdefault\u00bb column_element_spacing=\u00bbdefault\u00bb desktop_text_alignment=\u00bbdefault\u00bb tablet_text_alignment=\u00bbdefault\u00bb phone_text_alignment=\u00bbdefault\u00bb background_color_opacity=\u00bb1&#8243; background_hover_color_opacity=\u00bb1&#8243; column_backdrop_filter=\u00bbnone\u00bb column_shadow=\u00bbnone\u00bb column_border_radius=\u00bbnone\u00bb column_link_target=\u00bb_self\u00bb column_position=\u00bbdefault\u00bb gradient_direction=\u00bbleft_to_right\u00bb overlay_strength=\u00bb0.3&#8243; width=\u00bb2\/3&#8243; tablet_width_inherit=\u00bbdefault\u00bb animation_type=\u00bbdefault\u00bb bg_image_animation=\u00bbnone\u00bb border_type=\u00bbsimple\u00bb column_border_width=\u00bbnone\u00bb column_border_style=\u00bbsolid\u00bb column_padding_type=\u00bbdefault\u00bb gradient_type=\u00bbdefault\u00bb][vc_column_text]<strong><span style=\"color: #3a2370; font-size: 50px; line-height: 56px; letter-spacing: -0.75px;\">Escr\u00edbenos<\/span><\/strong>[\/vc_column_text]\n<div class=\"wpcf7 no-js\" id=\"wpcf7-f24-o1\" lang=\"es-ES\" dir=\"ltr\" data-wpcf7-id=\"24\">\n<div class=\"screen-reader-response\"><p role=\"status\" aria-live=\"polite\" aria-atomic=\"true\"><\/p> <ul><\/ul><\/div>\n<form action=\"\/wp\/wp-json\/wp\/v2\/pages\/39#wpcf7-f24-o1\" method=\"post\" class=\"wpcf7-form init\" aria-label=\"Formulario de contacto\" novalidate=\"novalidate\" data-status=\"init\">\n<fieldset class=\"hidden-fields-container\"><input type=\"hidden\" name=\"_wpcf7\" value=\"24\" \/><input type=\"hidden\" name=\"_wpcf7_version\" value=\"6.1.5\" \/><input type=\"hidden\" name=\"_wpcf7_locale\" value=\"es_ES\" \/><input type=\"hidden\" name=\"_wpcf7_unit_tag\" value=\"wpcf7-f24-o1\" \/><input type=\"hidden\" name=\"_wpcf7_container_post\" value=\"0\" \/><input type=\"hidden\" name=\"_wpcf7_posted_data_hash\" value=\"\" \/><input type=\"hidden\" name=\"_wpcf7_recaptcha_response\" value=\"\" \/>\n<\/fieldset>\n<div class=\"izqc\">\n\t<p><span class=\"wpcf7-form-control-wrap\" data-name=\"your-name\"><input size=\"40\" maxlength=\"400\" class=\"wpcf7-form-control wpcf7-text wpcf7-validates-as-required\" autocomplete=\"name\" aria-required=\"true\" aria-invalid=\"false\" placeholder=\"Nombre\" value=\"\" type=\"text\" name=\"your-name\" \/><\/span>\n\t<\/p>\n<\/div>\n<div class=\"izqc\">\n\t<p><span class=\"wpcf7-form-control-wrap\" data-name=\"your-email\"><input size=\"40\" maxlength=\"400\" class=\"wpcf7-form-control wpcf7-email wpcf7-validates-as-required wpcf7-text wpcf7-validates-as-email\" aria-required=\"true\" aria-invalid=\"false\" placeholder=\"Email\" value=\"\" type=\"email\" name=\"your-email\" \/><\/span>\n\t<\/p>\n<\/div>\n<div class=\"izqc\">\n\t<p><span class=\"wpcf7-form-control-wrap\" data-name=\"tel-9\"><input size=\"40\" maxlength=\"400\" class=\"wpcf7-form-control wpcf7-tel wpcf7-validates-as-required wpcf7-text wpcf7-validates-as-tel\" aria-required=\"true\" aria-invalid=\"false\" placeholder=\"Tel\u00e9fono\" value=\"\" type=\"tel\" name=\"tel-9\" \/><\/span>\n\t<\/p>\n<\/div>\n<div class=\"izqc\">\n\t<p><span class=\"wpcf7-form-control-wrap\" data-name=\"text-359\"><input size=\"40\" maxlength=\"400\" class=\"wpcf7-form-control wpcf7-text\" aria-invalid=\"false\" placeholder=\"Asunto\" value=\"\" type=\"text\" name=\"text-359\" \/><\/span>\n\t<\/p>\n<\/div>\n<p style=\"margin: 0px 20px;\"><b>\u00bfQu\u00e9 servicio deseas solicitar?<\/b>\n<\/p>\n<p><span class=\"wpcf7-form-control-wrap\" data-name=\"radio-229\"><span class=\"wpcf7-form-control wpcf7-radio\"><span class=\"wpcf7-list-item first\"><label><input type=\"radio\" name=\"radio-229\" value=\"Familias \/ Particular\" checked=\"checked\" \/><span class=\"wpcf7-list-item-label\">Familias \/ Particular<\/span><\/label><\/span><span class=\"wpcf7-list-item\"><label><input type=\"radio\" name=\"radio-229\" value=\"Veterinarios\" \/><span class=\"wpcf7-list-item-label\">Veterinarios<\/span><\/label><\/span><span class=\"wpcf7-list-item\"><label><input type=\"radio\" name=\"radio-229\" value=\"Profesionales del sector\" \/><span class=\"wpcf7-list-item-label\">Profesionales del sector<\/span><\/label><\/span><span class=\"wpcf7-list-item\"><label><input type=\"radio\" name=\"radio-229\" value=\"Instituciones\" \/><span class=\"wpcf7-list-item-label\">Instituciones<\/span><\/label><\/span><span class=\"wpcf7-list-item\"><label><input type=\"radio\" name=\"radio-229\" value=\"Empresas\" \/><span class=\"wpcf7-list-item-label\">Empresas<\/span><\/label><\/span><span class=\"wpcf7-list-item\"><label><input type=\"radio\" name=\"radio-229\" value=\"Centros de protecci\u00f3n\" \/><span class=\"wpcf7-list-item-label\">Centros de protecci\u00f3n<\/span><\/label><\/span><span class=\"wpcf7-list-item last\"><label><input type=\"radio\" name=\"radio-229\" value=\"Otros\" \/><span class=\"wpcf7-list-item-label\">Otros<\/span><\/label><\/span><\/span><\/span><br \/>\n<span class=\"wpcf7-form-control-wrap\" data-name=\"your-message\"><textarea cols=\"40\" rows=\"10\" maxlength=\"2000\" class=\"wpcf7-form-control wpcf7-textarea\" aria-invalid=\"false\" placeholder=\"Tu mensaje\" name=\"your-message\"><\/textarea><\/span>\n<\/p>\n<p style=\"font-size:11px; line-height:16px;\">De conformidad con las normativas de protecci\u00f3n de datos, le facilitamos la siguiente informaci\u00f3n del tratamiento: Responsable: ROSARIO GALTIER VALLEJO Fines del tratamiento: Dar respuesta a las consultas o cualquier tipo de petici\u00f3n que sea realizada por el usuario a trav\u00e9s de cualquiera de las formas de contacto que se ponen a su disposici\u00f3n en la p\u00e1gina web del responsable (por el inter\u00e9s leg\u00edtimo del responsable, art. 6.1.f GDPR) Derechos que le asisten: acceso, rectificaci\u00f3n, portabilidad, supresi\u00f3n, limitaci\u00f3n y oposici\u00f3n M\u00e1s informaci\u00f3n del tratamiento en la Pol\u00edtica de privacidad\n<\/p>\n<p style=\"font-size:11px; line-height:16px;\">Protecci\u00f3n de datos personales: Utilizaremos sus datos para responder consultas y realizar an\u00e1lisis estad\u00edsticos. Para m\u00e1s informaci\u00f3n sobre el tratamiento y sus derechos, consulte la pol\u00edtica de privacidad\n<\/p>\n<p><span class=\"wpcf7-form-control-wrap\" data-name=\"acceptance-968\"><span class=\"wpcf7-form-control wpcf7-acceptance\"><span class=\"wpcf7-list-item\"><label><input type=\"checkbox\" name=\"acceptance-968\" value=\"1\" aria-invalid=\"false\" \/><span class=\"wpcf7-list-item-label\">Acepto el tratamiento de mis datos para recibir la informaci\u00f3n solicitada y la <a style=\"color:#645F71\" href=\"\/privacidad\">pol\u00edtica de privacidad<\/a><\/span><\/label><\/span><\/span><\/span>\n<\/p>\n<p><input class=\"wpcf7-form-control wpcf7-submit has-spinner\" type=\"submit\" value=\"Enviar\" \/>\n<\/p><div class=\"wpcf7-response-output\" aria-hidden=\"true\"><\/div>\n<\/form>\n<\/div>\n[\/vc_column][\/vc_row]\n","protected":false},"excerpt":{"rendered":"<p>[vc_row type=\u00bbin_container\u00bb full_screen_row_position=\u00bbmiddle\u00bb column_margin=\u00bbdefault\u00bb column_direction=\u00bbdefault\u00bb column_direction_tablet=\u00bbdefault\u00bb column_direction_phone=\u00bbdefault\u00bb scene_position=\u00bbcenter\u00bb text_color=\u00bbdark\u00bb text_align=\u00bbleft\u00bb row_border_radius=\u00bbnone\u00bb row_border_radius_applies=\u00bbbg\u00bb overflow=\u00bbvisible\u00bb overlay_strength=\u00bb0.3&#8243; gradient_direction=\u00bbleft_to_right\u00bb shape_divider_position=\u00bbbottom\u00bb bg_image_animation=\u00bbnone\u00bb gradient_type=\u00bbdefault\u00bb shape_type=\u00bb\u00bb][vc_column column_padding=\u00bbno-extra-padding\u00bb column_padding_tablet=\u00bbinherit\u00bb column_padding_phone=\u00bbinherit\u00bb column_padding_position=\u00bball\u00bb column_element_direction_desktop=\u00bbdefault\u00bb column_element_spacing=\u00bbdefault\u00bb desktop_text_alignment=\u00bbdefault\u00bb tablet_text_alignment=\u00bbdefault\u00bb phone_text_alignment=\u00bbdefault\u00bb background_color_opacity=\u00bb1&#8243; background_hover_color_opacity=\u00bb1&#8243;&#8230;<\/p>\n","protected":false},"author":1,"featured_media":933,"parent":0,"menu_order":0,"comment_status":"closed","ping_status":"closed","template":"","meta":{"footnotes":""},"class_list":["post-39","page","type-page","status-publish","has-post-thumbnail"],"yoast_head":"<!-- This site is optimized with the Yoast SEO plugin v27.1.1 - https:\/\/yoast.com\/product\/yoast-seo-wordpress\/ -->\n<title>Contacto &#8226; Ebavet - Etolog\u00eda cl\u00ednica<\/title>\n<meta name=\"description\" content=\"Contacta con nosotros y consulta sobre nuestros servicios para el bienestar y cuidado de tus mascotas.\" \/>\n<meta name=\"robots\" content=\"noindex, follow, max-snippet:-1, max-image-preview:large, max-video-preview:-1\" \/>\n<meta property=\"og:locale\" content=\"es_ES\" \/>\n<meta property=\"og:type\" content=\"article\" \/>\n<meta property=\"og:title\" content=\"Contacto &#8226; Ebavet - Etolog\u00eda cl\u00ednica\" \/>\n<meta property=\"og:description\" content=\"Contacta con nosotros y consulta sobre nuestros servicios para el bienestar y cuidado de tus mascotas.\" \/>\n<meta property=\"og:url\" content=\"https:\/\/ebavet.es\/wp\/contacto\/\" \/>\n<meta property=\"og:site_name\" content=\"Ebavet - Etolog\u00eda cl\u00ednica\" \/>\n<meta property=\"article:publisher\" content=\"https:\/\/www.facebook.com\/Ebavet.CentrodeEtologia\/\" \/>\n<meta property=\"article:modified_time\" content=\"2023-04-28T10:45:51+00:00\" \/>\n<meta property=\"og:image\" content=\"https:\/\/ebavet.es\/wp\/wp-content\/uploads\/2023\/04\/Grupo-1949-4.png\" \/>\n\t<meta property=\"og:image:width\" content=\"353\" \/>\n\t<meta property=\"og:image:height\" content=\"353\" \/>\n\t<meta property=\"og:image:type\" content=\"image\/png\" \/>\n<meta name=\"twitter:card\" content=\"summary_large_image\" \/>\n<meta name=\"twitter:site\" content=\"@ebavet\" \/>\n<meta name=\"twitter:label1\" content=\"Tiempo de lectura\" \/>\n\t<meta name=\"twitter:data1\" content=\"1 minuto\" \/>\n<script type=\"application\/ld+json\" class=\"yoast-schema-graph\">{\"@context\":\"https:\/\/schema.org\",\"@graph\":[{\"@type\":\"WebPage\",\"@id\":\"https:\/\/ebavet.es\/wp\/contacto\/\",\"url\":\"https:\/\/ebavet.es\/wp\/contacto\/\",\"name\":\"Contacto &#8226; Ebavet - Etolog\u00eda cl\u00ednica\",\"isPartOf\":{\"@id\":\"https:\/\/ebavet.es\/wp\/#website\"},\"primaryImageOfPage\":{\"@id\":\"https:\/\/ebavet.es\/wp\/contacto\/#primaryimage\"},\"image\":{\"@id\":\"https:\/\/ebavet.es\/wp\/contacto\/#primaryimage\"},\"thumbnailUrl\":\"https:\/\/ebavet.es\/wp\/wp-content\/uploads\/2023\/04\/Grupo-1949-4.png\",\"datePublished\":\"2023-04-18T11:45:28+00:00\",\"dateModified\":\"2023-04-28T10:45:51+00:00\",\"description\":\"Contacta con nosotros y consulta sobre nuestros servicios para el bienestar y cuidado de tus mascotas.\",\"breadcrumb\":{\"@id\":\"https:\/\/ebavet.es\/wp\/contacto\/#breadcrumb\"},\"inLanguage\":\"es\",\"potentialAction\":[{\"@type\":\"ReadAction\",\"target\":[\"https:\/\/ebavet.es\/wp\/contacto\/\"]}]},{\"@type\":\"ImageObject\",\"inLanguage\":\"es\",\"@id\":\"https:\/\/ebavet.es\/wp\/contacto\/#primaryimage\",\"url\":\"https:\/\/ebavet.es\/wp\/wp-content\/uploads\/2023\/04\/Grupo-1949-4.png\",\"contentUrl\":\"https:\/\/ebavet.es\/wp\/wp-content\/uploads\/2023\/04\/Grupo-1949-4.png\",\"width\":353,\"height\":353},{\"@type\":\"BreadcrumbList\",\"@id\":\"https:\/\/ebavet.es\/wp\/contacto\/#breadcrumb\",\"itemListElement\":[{\"@type\":\"ListItem\",\"position\":1,\"name\":\"Portada\",\"item\":\"https:\/\/ebavet.es\/wp\/\"},{\"@type\":\"ListItem\",\"position\":2,\"name\":\"Contacto\"}]},{\"@type\":\"WebSite\",\"@id\":\"https:\/\/ebavet.es\/wp\/#website\",\"url\":\"https:\/\/ebavet.es\/wp\/\",\"name\":\"Ebavet - Etolog\u00eda Cl\u00ednica\",\"description\":\"Centro Medicina del Comportamiento Animal\",\"publisher\":{\"@id\":\"https:\/\/ebavet.es\/wp\/#organization\"},\"alternateName\":\"Ebavet - Etolog\u00eda Cl\u00ednica\",\"potentialAction\":[{\"@type\":\"SearchAction\",\"target\":{\"@type\":\"EntryPoint\",\"urlTemplate\":\"https:\/\/ebavet.es\/wp\/?s={search_term_string}\"},\"query-input\":{\"@type\":\"PropertyValueSpecification\",\"valueRequired\":true,\"valueName\":\"search_term_string\"}}],\"inLanguage\":\"es\"},{\"@type\":\"Organization\",\"@id\":\"https:\/\/ebavet.es\/wp\/#organization\",\"name\":\"Ebavet\",\"url\":\"https:\/\/ebavet.es\/wp\/\",\"logo\":{\"@type\":\"ImageObject\",\"inLanguage\":\"es\",\"@id\":\"https:\/\/ebavet.es\/wp\/#\/schema\/logo\/image\/\",\"url\":\"https:\/\/ebavet.es\/wp\/wp-content\/uploads\/2023\/04\/destacada-ebavet.jpg\",\"contentUrl\":\"https:\/\/ebavet.es\/wp\/wp-content\/uploads\/2023\/04\/destacada-ebavet.jpg\",\"width\":500,\"height\":500,\"caption\":\"Ebavet\"},\"image\":{\"@id\":\"https:\/\/ebavet.es\/wp\/#\/schema\/logo\/image\/\"},\"sameAs\":[\"https:\/\/www.facebook.com\/Ebavet.CentrodeEtologia\/\",\"https:\/\/x.com\/ebavet\",\"https:\/\/www.linkedin.com\/in\/rosario-galtier-vallejo-66070663\/\",\"https:\/\/www.youtube.com\/channel\/UCaFYZDc7UqVio2OdeKuaHFQ\",\"https:\/\/www.instagram.com\/ebavet_tenerife\/\"]}]}<\/script>\n<!-- \/ Yoast SEO plugin. -->","yoast_head_json":{"title":"Contacto &#8226; Ebavet - Etolog\u00eda cl\u00ednica","description":"Contacta con nosotros y consulta sobre nuestros servicios para el bienestar y cuidado de tus mascotas.","robots":{"index":"noindex","follow":"follow","max-snippet":"max-snippet:-1","max-image-preview":"max-image-preview:large","max-video-preview":"max-video-preview:-1"},"og_locale":"es_ES","og_type":"article","og_title":"Contacto &#8226; Ebavet - Etolog\u00eda cl\u00ednica","og_description":"Contacta con nosotros y consulta sobre nuestros servicios para el bienestar y cuidado de tus mascotas.","og_url":"https:\/\/ebavet.es\/wp\/contacto\/","og_site_name":"Ebavet - Etolog\u00eda cl\u00ednica","article_publisher":"https:\/\/www.facebook.com\/Ebavet.CentrodeEtologia\/","article_modified_time":"2023-04-28T10:45:51+00:00","og_image":[{"width":353,"height":353,"url":"https:\/\/ebavet.es\/wp\/wp-content\/uploads\/2023\/04\/Grupo-1949-4.png","type":"image\/png"}],"twitter_card":"summary_large_image","twitter_site":"@ebavet","twitter_misc":{"Tiempo de lectura":"1 minuto"},"schema":{"@context":"https:\/\/schema.org","@graph":[{"@type":"WebPage","@id":"https:\/\/ebavet.es\/wp\/contacto\/","url":"https:\/\/ebavet.es\/wp\/contacto\/","name":"Contacto &#8226; Ebavet - Etolog\u00eda cl\u00ednica","isPartOf":{"@id":"https:\/\/ebavet.es\/wp\/#website"},"primaryImageOfPage":{"@id":"https:\/\/ebavet.es\/wp\/contacto\/#primaryimage"},"image":{"@id":"https:\/\/ebavet.es\/wp\/contacto\/#primaryimage"},"thumbnailUrl":"https:\/\/ebavet.es\/wp\/wp-content\/uploads\/2023\/04\/Grupo-1949-4.png","datePublished":"2023-04-18T11:45:28+00:00","dateModified":"2023-04-28T10:45:51+00:00","description":"Contacta con nosotros y consulta sobre nuestros servicios para el bienestar y cuidado de tus mascotas.","breadcrumb":{"@id":"https:\/\/ebavet.es\/wp\/contacto\/#breadcrumb"},"inLanguage":"es","potentialAction":[{"@type":"ReadAction","target":["https:\/\/ebavet.es\/wp\/contacto\/"]}]},{"@type":"ImageObject","inLanguage":"es","@id":"https:\/\/ebavet.es\/wp\/contacto\/#primaryimage","url":"https:\/\/ebavet.es\/wp\/wp-content\/uploads\/2023\/04\/Grupo-1949-4.png","contentUrl":"https:\/\/ebavet.es\/wp\/wp-content\/uploads\/2023\/04\/Grupo-1949-4.png","width":353,"height":353},{"@type":"BreadcrumbList","@id":"https:\/\/ebavet.es\/wp\/contacto\/#breadcrumb","itemListElement":[{"@type":"ListItem","position":1,"name":"Portada","item":"https:\/\/ebavet.es\/wp\/"},{"@type":"ListItem","position":2,"name":"Contacto"}]},{"@type":"WebSite","@id":"https:\/\/ebavet.es\/wp\/#website","url":"https:\/\/ebavet.es\/wp\/","name":"Ebavet - Etolog\u00eda Cl\u00ednica","description":"Centro Medicina del Comportamiento Animal","publisher":{"@id":"https:\/\/ebavet.es\/wp\/#organization"},"alternateName":"Ebavet - Etolog\u00eda Cl\u00ednica","potentialAction":[{"@type":"SearchAction","target":{"@type":"EntryPoint","urlTemplate":"https:\/\/ebavet.es\/wp\/?s={search_term_string}"},"query-input":{"@type":"PropertyValueSpecification","valueRequired":true,"valueName":"search_term_string"}}],"inLanguage":"es"},{"@type":"Organization","@id":"https:\/\/ebavet.es\/wp\/#organization","name":"Ebavet","url":"https:\/\/ebavet.es\/wp\/","logo":{"@type":"ImageObject","inLanguage":"es","@id":"https:\/\/ebavet.es\/wp\/#\/schema\/logo\/image\/","url":"https:\/\/ebavet.es\/wp\/wp-content\/uploads\/2023\/04\/destacada-ebavet.jpg","contentUrl":"https:\/\/ebavet.es\/wp\/wp-content\/uploads\/2023\/04\/destacada-ebavet.jpg","width":500,"height":500,"caption":"Ebavet"},"image":{"@id":"https:\/\/ebavet.es\/wp\/#\/schema\/logo\/image\/"},"sameAs":["https:\/\/www.facebook.com\/Ebavet.CentrodeEtologia\/","https:\/\/x.com\/ebavet","https:\/\/www.linkedin.com\/in\/rosario-galtier-vallejo-66070663\/","https:\/\/www.youtube.com\/channel\/UCaFYZDc7UqVio2OdeKuaHFQ","https:\/\/www.instagram.com\/ebavet_tenerife\/"]}]}},"_links":{"self":[{"href":"https:\/\/ebavet.es\/wp\/wp-json\/wp\/v2\/pages\/39","targetHints":{"allow":["GET"]}}],"collection":[{"href":"https:\/\/ebavet.es\/wp\/wp-json\/wp\/v2\/pages"}],"about":[{"href":"https:\/\/ebavet.es\/wp\/wp-json\/wp\/v2\/types\/page"}],"author":[{"embeddable":true,"href":"https:\/\/ebavet.es\/wp\/wp-json\/wp\/v2\/users\/1"}],"replies":[{"embeddable":true,"href":"https:\/\/ebavet.es\/wp\/wp-json\/wp\/v2\/comments?post=39"}],"version-history":[{"count":6,"href":"https:\/\/ebavet.es\/wp\/wp-json\/wp\/v2\/pages\/39\/revisions"}],"predecessor-version":[{"id":126,"href":"https:\/\/ebavet.es\/wp\/wp-json\/wp\/v2\/pages\/39\/revisions\/126"}],"wp:featuredmedia":[{"embeddable":true,"href":"https:\/\/ebavet.es\/wp\/wp-json\/wp\/v2\/media\/933"}],"wp:attachment":[{"href":"https:\/\/ebavet.es\/wp\/wp-json\/wp\/v2\/media?parent=39"}],"curies":[{"name":"wp","href":"https:\/\/api.w.org\/{rel}","templated":true}]}}